{"id":966,"date":"2026-02-16T11:50:21","date_gmt":"2026-02-16T11:50:21","guid":{"rendered":"https:\/\/ampnord.eu\/?page_id=966"},"modified":"2026-02-16T12:05:12","modified_gmt":"2026-02-16T12:05:12","slug":"eu-subsidies","status":"publish","type":"page","link":"https:\/\/ampnord.eu\/en\/eu-subsidies\/","title":{"rendered":"Dotacje unijne"},"content":{"rendered":"<p><\/p>\n\n\n\n<p><\/p>\n\n\n\n<div style=\"height:100px\" aria-hidden=\"true\" class=\"wp-block-spacer\"><\/div>\n\n\n\n<p><strong>AMP NORD is implementing the project \u201eDevelopment and implementation of a design strategy at AMP NORD Sp. z o.o.\u201d as part of the European Funds for Eastern Poland 2021-2027 programme Priority I. Entrepreneurship and Innovation Measure 1.4 Design in SMEs. The project consists in the implementation of innovative products from the field of small urban architecture, under the new sub-brand AMP NORD.<\/strong><\/p>\n\n\n\n<div style=\"height:60px\" aria-hidden=\"true\" class=\"wp-block-spacer\"><\/div>\n\n\n\n<figure class=\"wp-block-image size-large\"><img fetchpriority=\"high\" decoding=\"async\" width=\"1024\" height=\"117\" src=\"https:\/\/ampnord.eu\/wp-content\/uploads\/2026\/02\/dotacje-ue-1024x117.png\" alt=\"\" class=\"wp-image-967\" srcset=\"https:\/\/ampnord.eu\/wp-content\/uploads\/2026\/02\/dotacje-ue-1024x117.png 1024w, https:\/\/ampnord.eu\/wp-content\/uploads\/2026\/02\/dotacje-ue-300x34.png 300w, https:\/\/ampnord.eu\/wp-content\/uploads\/2026\/02\/dotacje-ue-768x88.png 768w, https:\/\/ampnord.eu\/wp-content\/uploads\/2026\/02\/dotacje-ue-18x2.png 18w, https:\/\/ampnord.eu\/wp-content\/uploads\/2026\/02\/dotacje-ue.png 1195w\" sizes=\"(max-width: 1024px) 100vw, 1024px\" \/><\/figure>\n\n\n\n<div style=\"height:60px\" aria-hidden=\"true\" class=\"wp-block-spacer\"><\/div>\n\n\n\n<p>The project involves the implementation of a new line of small urban architecture products under the AMP NORD Sp. z o.o. brand, developed on the basis of the results of a design audit and a design strategy. The scope of the project includes the purchase of advisory services connected with the development and implementation of a design strategy, as well as the realisation of necessary investment purchases enabling the implementation of the product innovation.<\/p>\n\n\n\n<p>The aim of the project is to increase the competitiveness of the company through the application of design processes and the implementation of a product innovation responding to the current needs of users of public spaces.<\/p>\n\n\n\n<p>Effects and results:<br>The final result of the project will be the launch of an innovative line of small urban architecture products, characterised by high quality workmanship, aesthetics, functionality and accessibility. In addition, the project will result in a significant change in the business model - a transition from subcontracting activity to activity based on own products, design and brand. The undertaking will contribute to the development of the Applicant's activity in a new market segment and increase its competitive advantage<\/p>\n\n\n\n<p>Target groups: municipalities, local authorities, developers, landscape architects, public infrastructure managers and institutions designing recreational spaces.<\/p>\n\n\n\n<p>Total project cost: 3 849 020.00 PLN<br>Amount of contribution from European Funds: 1 979 584.00 PLN<\/p>\n\n\n\n<p>#EU funds or #European funds<\/p>\n\n\n\n<div style=\"height:100px\" aria-hidden=\"true\" class=\"wp-block-spacer\"><\/div>","protected":false},"excerpt":{"rendered":"<p>AMP NORD realizuje projekt &#8222;Opracowanie i wdro\u017cenie strategii wzorniczej w firmie AMP NORD Sp. z o.o.&#8221; w ramach programu Fundusze Europejskie dla Polski Wschodniej 2021-2027 Priorytet I. Przedsi\u0119biorczo\u015b\u0107 i Innowacje Dzia\u0142anie 1.4 Wzornictwo w MSP. Projekt polega na wdro\u017ceniu innowacyjnych produkt\u00f3w z obszaru ma\u0142ej architektury miejskiej, w ramach nowej podmarki AMP NORD. Projekt obejmuje wdro\u017cenie [&hellip;]<\/p>","protected":false},"author":2,"featured_media":0,"parent":0,"menu_order":0,"comment_status":"closed","ping_status":"closed","template":"","meta":{"_acf_changed":false,"inline_featured_image":false,"footnotes":""},"class_list":["post-966","page","type-page","status-publish","hentry"],"acf":[],"yoast_head":"<!-- This site is optimized with the Yoast SEO plugin v26.0 - https:\/\/yoast.com\/wordpress\/plugins\/seo\/ -->\n<title>Dotacje unijne - AMP NORD<\/title>\n<meta name=\"robots\" content=\"noindex, follow, max-snippet:-1, max-image-preview:large, max-video-preview:-1\" \/>\n<meta property=\"og:locale\" content=\"en_GB\" \/>\n<meta property=\"og:type\" content=\"article\" \/>\n<meta property=\"og:title\" content=\"Dotacje unijne - AMP NORD\" \/>\n<meta property=\"og:description\" content=\"AMP NORD realizuje projekt &#8222;Opracowanie i wdro\u017cenie strategii wzorniczej w firmie AMP NORD Sp. z o.o.&#8221; w ramach programu Fundusze Europejskie dla Polski Wschodniej 2021-2027 Priorytet I. Przedsi\u0119biorczo\u015b\u0107 i Innowacje Dzia\u0142anie 1.4 Wzornictwo w MSP. Projekt polega na wdro\u017ceniu innowacyjnych produkt\u00f3w z obszaru ma\u0142ej architektury miejskiej, w ramach nowej podmarki AMP NORD. Projekt obejmuje wdro\u017cenie [&hellip;]\" \/>\n<meta property=\"og:url\" content=\"https:\/\/ampnord.eu\/en\/eu-subsidies\/\" \/>\n<meta property=\"og:site_name\" content=\"AMP NORD\" \/>\n<meta property=\"article:modified_time\" content=\"2026-02-16T12:05:12+00:00\" \/>\n<meta property=\"og:image\" content=\"https:\/\/ampnord.eu\/wp-content\/uploads\/2026\/02\/dotacje-ue.png\" \/>\n\t<meta property=\"og:image:width\" content=\"1195\" \/>\n\t<meta property=\"og:image:height\" content=\"137\" \/>\n\t<meta property=\"og:image:type\" content=\"image\/png\" \/>\n<meta name=\"twitter:card\" content=\"summary_large_image\" \/>\n<meta name=\"twitter:label1\" content=\"Estimated reading time\" \/>\n\t<meta name=\"twitter:data1\" content=\"2 minutes\" \/>\n<script type=\"application\/ld+json\" class=\"yoast-schema-graph\">{\"@context\":\"https:\/\/schema.org\",\"@graph\":[{\"@type\":\"WebPage\",\"@id\":\"https:\/\/ampnord.eu\/dotacje-unijne\/\",\"url\":\"https:\/\/ampnord.eu\/dotacje-unijne\/\",\"name\":\"Dotacje unijne - AMP NORD\",\"isPartOf\":{\"@id\":\"https:\/\/ampnord.eu\/#website\"},\"primaryImageOfPage\":{\"@id\":\"https:\/\/ampnord.eu\/dotacje-unijne\/#primaryimage\"},\"image\":{\"@id\":\"https:\/\/ampnord.eu\/dotacje-unijne\/#primaryimage\"},\"thumbnailUrl\":\"https:\/\/ampnord.eu\/wp-content\/uploads\/2026\/02\/dotacje-ue-1024x117.png\",\"datePublished\":\"2026-02-16T11:50:21+00:00\",\"dateModified\":\"2026-02-16T12:05:12+00:00\",\"breadcrumb\":{\"@id\":\"https:\/\/ampnord.eu\/dotacje-unijne\/#breadcrumb\"},\"inLanguage\":\"en-GB\",\"potentialAction\":[{\"@type\":\"ReadAction\",\"target\":[\"https:\/\/ampnord.eu\/dotacje-unijne\/\"]}]},{\"@type\":\"ImageObject\",\"inLanguage\":\"en-GB\",\"@id\":\"https:\/\/ampnord.eu\/dotacje-unijne\/#primaryimage\",\"url\":\"https:\/\/ampnord.eu\/wp-content\/uploads\/2026\/02\/dotacje-ue-1024x117.png\",\"contentUrl\":\"https:\/\/ampnord.eu\/wp-content\/uploads\/2026\/02\/dotacje-ue-1024x117.png\"},{\"@type\":\"BreadcrumbList\",\"@id\":\"https:\/\/ampnord.eu\/dotacje-unijne\/#breadcrumb\",\"itemListElement\":[{\"@type\":\"ListItem\",\"position\":1,\"name\":\"Strona g\u0142\u00f3wna\",\"item\":\"https:\/\/ampnord.eu\/\"},{\"@type\":\"ListItem\",\"position\":2,\"name\":\"Dotacje unijne\"}]},{\"@type\":\"WebSite\",\"@id\":\"https:\/\/ampnord.eu\/#website\",\"url\":\"https:\/\/ampnord.eu\/\",\"name\":\"AMP NORD\",\"description\":\"Instalacje przemys\u0142owe i konstrukcje stalowe\",\"publisher\":{\"@id\":\"https:\/\/ampnord.eu\/#organization\"},\"potentialAction\":[{\"@type\":\"SearchAction\",\"target\":{\"@type\":\"EntryPoint\",\"urlTemplate\":\"https:\/\/ampnord.eu\/?s={search_term_string}\"},\"query-input\":{\"@type\":\"PropertyValueSpecification\",\"valueRequired\":true,\"valueName\":\"search_term_string\"}}],\"inLanguage\":\"en-GB\"},{\"@type\":\"Organization\",\"@id\":\"https:\/\/ampnord.eu\/#organization\",\"name\":\"AMP NORD\",\"url\":\"https:\/\/ampnord.eu\/\",\"logo\":{\"@type\":\"ImageObject\",\"inLanguage\":\"en-GB\",\"@id\":\"https:\/\/ampnord.eu\/#\/schema\/logo\/image\/\",\"url\":\"https:\/\/ampnord.eu\/wp-content\/uploads\/2025\/09\/logo-AMPNord.svg\",\"contentUrl\":\"https:\/\/ampnord.eu\/wp-content\/uploads\/2025\/09\/logo-AMPNord.svg\",\"width\":171,\"height\":109,\"caption\":\"AMP NORD\"},\"image\":{\"@id\":\"https:\/\/ampnord.eu\/#\/schema\/logo\/image\/\"}}]}<\/script>\n<!-- \/ Yoast SEO plugin. -->","yoast_head_json":{"title":"EU grants - AMP NORD","robots":{"index":"noindex","follow":"follow","max-snippet":"max-snippet:-1","max-image-preview":"max-image-preview:large","max-video-preview":"max-video-preview:-1"},"og_locale":"en_GB","og_type":"article","og_title":"Dotacje unijne - AMP NORD","og_description":"AMP NORD realizuje projekt &#8222;Opracowanie i wdro\u017cenie strategii wzorniczej w firmie AMP NORD Sp. z o.o.&#8221; w ramach programu Fundusze Europejskie dla Polski Wschodniej 2021-2027 Priorytet I. Przedsi\u0119biorczo\u015b\u0107 i Innowacje Dzia\u0142anie 1.4 Wzornictwo w MSP. Projekt polega na wdro\u017ceniu innowacyjnych produkt\u00f3w z obszaru ma\u0142ej architektury miejskiej, w ramach nowej podmarki AMP NORD. Projekt obejmuje wdro\u017cenie [&hellip;]","og_url":"https:\/\/ampnord.eu\/en\/eu-subsidies\/","og_site_name":"AMP NORD","article_modified_time":"2026-02-16T12:05:12+00:00","og_image":[{"width":1195,"height":137,"url":"https:\/\/ampnord.eu\/wp-content\/uploads\/2026\/02\/dotacje-ue.png","type":"image\/png"}],"twitter_card":"summary_large_image","twitter_misc":{"Estimated reading time":"2 minutes"},"schema":{"@context":"https:\/\/schema.org","@graph":[{"@type":"WebPage","@id":"https:\/\/ampnord.eu\/dotacje-unijne\/","url":"https:\/\/ampnord.eu\/dotacje-unijne\/","name":"EU grants - AMP NORD","isPartOf":{"@id":"https:\/\/ampnord.eu\/#website"},"primaryImageOfPage":{"@id":"https:\/\/ampnord.eu\/dotacje-unijne\/#primaryimage"},"image":{"@id":"https:\/\/ampnord.eu\/dotacje-unijne\/#primaryimage"},"thumbnailUrl":"https:\/\/ampnord.eu\/wp-content\/uploads\/2026\/02\/dotacje-ue-1024x117.png","datePublished":"2026-02-16T11:50:21+00:00","dateModified":"2026-02-16T12:05:12+00:00","breadcrumb":{"@id":"https:\/\/ampnord.eu\/dotacje-unijne\/#breadcrumb"},"inLanguage":"en-GB","potentialAction":[{"@type":"ReadAction","target":["https:\/\/ampnord.eu\/dotacje-unijne\/"]}]},{"@type":"ImageObject","inLanguage":"en-GB","@id":"https:\/\/ampnord.eu\/dotacje-unijne\/#primaryimage","url":"https:\/\/ampnord.eu\/wp-content\/uploads\/2026\/02\/dotacje-ue-1024x117.png","contentUrl":"https:\/\/ampnord.eu\/wp-content\/uploads\/2026\/02\/dotacje-ue-1024x117.png"},{"@type":"BreadcrumbList","@id":"https:\/\/ampnord.eu\/dotacje-unijne\/#breadcrumb","itemListElement":[{"@type":"ListItem","position":1,"name":"Strona g\u0142\u00f3wna","item":"https:\/\/ampnord.eu\/"},{"@type":"ListItem","position":2,"name":"Dotacje unijne"}]},{"@type":"WebSite","@id":"https:\/\/ampnord.eu\/#website","url":"https:\/\/ampnord.eu\/","name":"AMP NORD","description":"Instalacje przemys\u0142owe i konstrukcje stalowe","publisher":{"@id":"https:\/\/ampnord.eu\/#organization"},"potentialAction":[{"@type":"SearchAction","target":{"@type":"EntryPoint","urlTemplate":"https:\/\/ampnord.eu\/?s={search_term_string}"},"query-input":{"@type":"PropertyValueSpecification","valueRequired":true,"valueName":"search_term_string"}}],"inLanguage":"en-GB"},{"@type":"Organization","@id":"https:\/\/ampnord.eu\/#organization","name":"AMP NORD","url":"https:\/\/ampnord.eu\/","logo":{"@type":"ImageObject","inLanguage":"en-GB","@id":"https:\/\/ampnord.eu\/#\/schema\/logo\/image\/","url":"https:\/\/ampnord.eu\/wp-content\/uploads\/2025\/09\/logo-AMPNord.svg","contentUrl":"https:\/\/ampnord.eu\/wp-content\/uploads\/2025\/09\/logo-AMPNord.svg","width":171,"height":109,"caption":"AMP NORD"},"image":{"@id":"https:\/\/ampnord.eu\/#\/schema\/logo\/image\/"}}]}},"_links":{"self":[{"href":"https:\/\/ampnord.eu\/en\/wp-json\/wp\/v2\/pages\/966","targetHints":{"allow":["GET"]}}],"collection":[{"href":"https:\/\/ampnord.eu\/en\/wp-json\/wp\/v2\/pages"}],"about":[{"href":"https:\/\/ampnord.eu\/en\/wp-json\/wp\/v2\/types\/page"}],"author":[{"embeddable":true,"href":"https:\/\/ampnord.eu\/en\/wp-json\/wp\/v2\/users\/2"}],"replies":[{"embeddable":true,"href":"https:\/\/ampnord.eu\/en\/wp-json\/wp\/v2\/comments?post=966"}],"version-history":[{"count":4,"href":"https:\/\/ampnord.eu\/en\/wp-json\/wp\/v2\/pages\/966\/revisions"}],"predecessor-version":[{"id":978,"href":"https:\/\/ampnord.eu\/en\/wp-json\/wp\/v2\/pages\/966\/revisions\/978"}],"wp:attachment":[{"href":"https:\/\/ampnord.eu\/en\/wp-json\/wp\/v2\/media?parent=966"}],"curies":[{"name":"wp","href":"https:\/\/api.w.org\/{rel}","templated":true}]}}