{"id":531,"date":"2025-09-11T07:02:57","date_gmt":"2025-09-11T07:02:57","guid":{"rendered":"https:\/\/ampnord.eu\/?page_id=531"},"modified":"2025-09-30T21:20:05","modified_gmt":"2025-09-30T21:20:05","slug":"certificates","status":"publish","type":"page","link":"https:\/\/ampnord.eu\/en\/certificates\/","title":{"rendered":"Certificates"},"content":{"rendered":"<div data-elementor-type=\"wp-page\" data-elementor-id=\"531\" class=\"elementor elementor-531\" data-elementor-post-type=\"page\">\n\t\t\t\t<div class=\"elementor-element elementor-element-838ea74 e-flex e-con-boxed e-con e-parent\" data-id=\"838ea74\" data-element_type=\"container\">\n\t\t\t\t\t<div class=\"e-con-inner\">\n\t\t\t\t<div class=\"elementor-element elementor-element-13817e9 elementor-widget elementor-widget-heading\" data-id=\"13817e9\" data-element_type=\"widget\" data-widget_type=\"heading.default\">\n\t\t\t\t\t<h2 class=\"elementor-heading-title elementor-size-default\">Certificates<\/h2>\t\t\t\t<\/div>\n\t\t\t\t<div class=\"elementor-element elementor-element-6761dde elementor-widget elementor-widget-heading\" data-id=\"6761dde\" data-element_type=\"widget\" data-widget_type=\"heading.default\">\n\t\t\t\t\t<h2 class=\"elementor-heading-title elementor-size-default\">Our certificates<\/h2>\t\t\t\t<\/div>\n\t\t<div class=\"elementor-element elementor-element-bafb019 e-con-full e-flex e-con e-child\" data-id=\"bafb019\" data-element_type=\"container\">\n\t\t<div class=\"elementor-element elementor-element-f748e25 e-con-full e-transform e-flex e-con e-child\" data-id=\"f748e25\" data-element_type=\"container\" data-settings=\"{&quot;_transform_scale_effect_hover&quot;:{&quot;unit&quot;:&quot;px&quot;,&quot;size&quot;:1.0500000000000000444089209850062616169452667236328125,&quot;sizes&quot;:[]},&quot;_transform_scale_effect_hover_laptop&quot;:{&quot;unit&quot;:&quot;px&quot;,&quot;size&quot;:&quot;&quot;,&quot;sizes&quot;:[]},&quot;_transform_scale_effect_hover_tablet&quot;:{&quot;unit&quot;:&quot;px&quot;,&quot;size&quot;:&quot;&quot;,&quot;sizes&quot;:[]},&quot;_transform_scale_effect_hover_mobile&quot;:{&quot;unit&quot;:&quot;px&quot;,&quot;size&quot;:&quot;&quot;,&quot;sizes&quot;:[]}}\">\n\t\t\t\t<div class=\"elementor-element elementor-element-6c5f9a4 elementor-widget elementor-widget-heading\" data-id=\"6c5f9a4\" data-element_type=\"widget\" data-widget_type=\"heading.default\">\n\t\t\t\t\t<h2 class=\"elementor-heading-title elementor-size-default\">ISO 3834-2<\/h2>\t\t\t\t<\/div>\n\t\t\t\t<div class=\"elementor-element elementor-element-f71ce8d elementor-hidden-mobile elementor-widget elementor-widget-text-editor\" data-id=\"f71ce8d\" data-element_type=\"widget\" data-widget_type=\"text-editor.default\">\n\t\t\t\t\t\t\t\t\t<p>Design, manufacture and modernisation of process plants, pipelines, tanks and steel structures in the chemical, petrochemical, refinery ...<\/p>\t\t\t\t\t\t\t\t<\/div>\n\t\t\t\t<div class=\"elementor-element elementor-element-7fb0a1c elementor-widget elementor-widget-image\" data-id=\"7fb0a1c\" data-element_type=\"widget\" data-widget_type=\"image.default\">\n\t\t\t\t\t\t\t\t\t\t\t\t\t\t\t<img decoding=\"async\" width=\"109\" height=\"108\" src=\"https:\/\/ampnord.eu\/wp-content\/uploads\/2025\/09\/TUV-1.png\" class=\"attachment-large size-large wp-image-253\" alt=\"\" \/>\t\t\t\t\t\t\t\t\t\t\t\t\t\t\t<\/div>\n\t\t\t\t<\/div>\n\t\t<div class=\"elementor-element elementor-element-f3340cf e-con-full e-transform e-flex e-con e-child\" data-id=\"f3340cf\" data-element_type=\"container\" data-settings=\"{&quot;_transform_scale_effect_hover&quot;:{&quot;unit&quot;:&quot;px&quot;,&quot;size&quot;:1.0500000000000000444089209850062616169452667236328125,&quot;sizes&quot;:[]},&quot;_transform_scale_effect_hover_laptop&quot;:{&quot;unit&quot;:&quot;px&quot;,&quot;size&quot;:&quot;&quot;,&quot;sizes&quot;:[]},&quot;_transform_scale_effect_hover_tablet&quot;:{&quot;unit&quot;:&quot;px&quot;,&quot;size&quot;:&quot;&quot;,&quot;sizes&quot;:[]},&quot;_transform_scale_effect_hover_mobile&quot;:{&quot;unit&quot;:&quot;px&quot;,&quot;size&quot;:&quot;&quot;,&quot;sizes&quot;:[]}}\">\n\t\t\t\t<div class=\"elementor-element elementor-element-5e9ee5a elementor-widget elementor-widget-heading\" data-id=\"5e9ee5a\" data-element_type=\"widget\" data-widget_type=\"heading.default\">\n\t\t\t\t\t<h2 class=\"elementor-heading-title elementor-size-default\">ISO 14001<\/h2>\t\t\t\t<\/div>\n\t\t\t\t<div class=\"elementor-element elementor-element-a522c81 elementor-hidden-mobile elementor-widget elementor-widget-text-editor\" data-id=\"a522c81\" data-element_type=\"widget\" data-widget_type=\"text-editor.default\">\n\t\t\t\t\t\t\t\t\t<p>Installation of industrial machinery, equipment and appliances. Manufacture of metal structures and structural parts. Repair and maintenance of machinery...<\/p>\t\t\t\t\t\t\t\t<\/div>\n\t\t\t\t<div class=\"elementor-element elementor-element-a158e0b elementor-widget elementor-widget-image\" data-id=\"a158e0b\" data-element_type=\"widget\" data-widget_type=\"image.default\">\n\t\t\t\t\t\t\t\t\t\t\t\t\t\t\t<img decoding=\"async\" width=\"215\" height=\"85\" src=\"https:\/\/ampnord.eu\/wp-content\/uploads\/2025\/09\/Logo_LLC_CERT.png\" class=\"attachment-large size-large wp-image-716\" alt=\"\" \/>\t\t\t\t\t\t\t\t\t\t\t\t\t\t\t<\/div>\n\t\t\t\t<\/div>\n\t\t<div class=\"elementor-element elementor-element-df06ddb e-con-full e-transform e-flex e-con e-child\" data-id=\"df06ddb\" data-element_type=\"container\" data-settings=\"{&quot;_transform_scale_effect_hover&quot;:{&quot;unit&quot;:&quot;px&quot;,&quot;size&quot;:1.0500000000000000444089209850062616169452667236328125,&quot;sizes&quot;:[]},&quot;_transform_scale_effect_hover_laptop&quot;:{&quot;unit&quot;:&quot;px&quot;,&quot;size&quot;:&quot;&quot;,&quot;sizes&quot;:[]},&quot;_transform_scale_effect_hover_tablet&quot;:{&quot;unit&quot;:&quot;px&quot;,&quot;size&quot;:&quot;&quot;,&quot;sizes&quot;:[]},&quot;_transform_scale_effect_hover_mobile&quot;:{&quot;unit&quot;:&quot;px&quot;,&quot;size&quot;:&quot;&quot;,&quot;sizes&quot;:[]}}\">\n\t\t\t\t<div class=\"elementor-element elementor-element-2eb818a elementor-widget elementor-widget-heading\" data-id=\"2eb818a\" data-element_type=\"widget\" data-widget_type=\"heading.default\">\n\t\t\t\t\t<h2 class=\"elementor-heading-title elementor-size-default\">ISO 9001<\/h2>\t\t\t\t<\/div>\n\t\t\t\t<div class=\"elementor-element elementor-element-3c48e39 elementor-hidden-mobile elementor-widget elementor-widget-text-editor\" data-id=\"3c48e39\" data-element_type=\"widget\" data-widget_type=\"text-editor.default\">\n\t\t\t\t\t\t\t\t\tInstallation of industrial machinery, equipment and appliances.\nManufacture of metal structures and structural parts.\nRepair and maintenance of machinery...\t\t\t\t\t\t\t\t<\/div>\n\t\t\t\t<div class=\"elementor-element elementor-element-d593f98 elementor-widget elementor-widget-image\" data-id=\"d593f98\" data-element_type=\"widget\" data-widget_type=\"image.default\">\n\t\t\t\t\t\t\t\t\t\t\t\t\t\t\t<img decoding=\"async\" width=\"215\" height=\"85\" src=\"https:\/\/ampnord.eu\/wp-content\/uploads\/2025\/09\/Logo_LLC_CERT.png\" class=\"attachment-large size-large wp-image-716\" alt=\"\" \/>\t\t\t\t\t\t\t\t\t\t\t\t\t\t\t<\/div>\n\t\t\t\t<\/div>\n\t\t<div class=\"elementor-element elementor-element-d3d24d7 e-con-full e-transform e-flex e-con e-child\" data-id=\"d3d24d7\" data-element_type=\"container\" data-settings=\"{&quot;_transform_scale_effect_hover&quot;:{&quot;unit&quot;:&quot;px&quot;,&quot;size&quot;:1.0500000000000000444089209850062616169452667236328125,&quot;sizes&quot;:[]},&quot;_transform_scale_effect_hover_laptop&quot;:{&quot;unit&quot;:&quot;px&quot;,&quot;size&quot;:&quot;&quot;,&quot;sizes&quot;:[]},&quot;_transform_scale_effect_hover_tablet&quot;:{&quot;unit&quot;:&quot;px&quot;,&quot;size&quot;:&quot;&quot;,&quot;sizes&quot;:[]},&quot;_transform_scale_effect_hover_mobile&quot;:{&quot;unit&quot;:&quot;px&quot;,&quot;size&quot;:&quot;&quot;,&quot;sizes&quot;:[]}}\">\n\t\t\t\t<div class=\"elementor-element elementor-element-aaa2165 elementor-widget elementor-widget-heading\" data-id=\"aaa2165\" data-element_type=\"widget\" data-widget_type=\"heading.default\">\n\t\t\t\t\t<h2 class=\"elementor-heading-title elementor-size-default\">ISO 1090-1<\/h2>\t\t\t\t<\/div>\n\t\t\t\t<div class=\"elementor-element elementor-element-003c4ef elementor-hidden-mobile elementor-widget elementor-widget-text-editor\" data-id=\"003c4ef\" data-element_type=\"widget\" data-widget_type=\"text-editor.default\">\n\t\t\t\t\t\t\t\t\t<p>The certificate relates to the construction product:<br \/>welded and bolted structural steel components in execution class up to EXC3 according to EN 1090-2+A1:2024-10....<\/p>\t\t\t\t\t\t\t\t<\/div>\n\t\t\t\t<div class=\"elementor-element elementor-element-465d45d elementor-widget elementor-widget-image\" data-id=\"465d45d\" data-element_type=\"widget\" data-widget_type=\"image.default\">\n\t\t\t\t\t\t\t\t\t\t\t\t\t\t\t<img decoding=\"async\" width=\"109\" height=\"108\" src=\"https:\/\/ampnord.eu\/wp-content\/uploads\/2025\/09\/TUV-1.png\" class=\"attachment-large size-large wp-image-253\" alt=\"\" \/>\t\t\t\t\t\t\t\t\t\t\t\t\t\t\t<\/div>\n\t\t\t\t<\/div>\n\t\t<div class=\"elementor-element elementor-element-9c2e566 e-con-full e-transform e-flex e-con e-child\" data-id=\"9c2e566\" data-element_type=\"container\" data-settings=\"{&quot;_transform_scale_effect_hover&quot;:{&quot;unit&quot;:&quot;px&quot;,&quot;size&quot;:1.0500000000000000444089209850062616169452667236328125,&quot;sizes&quot;:[]},&quot;_transform_scale_effect_hover_laptop&quot;:{&quot;unit&quot;:&quot;px&quot;,&quot;size&quot;:&quot;&quot;,&quot;sizes&quot;:[]},&quot;_transform_scale_effect_hover_tablet&quot;:{&quot;unit&quot;:&quot;px&quot;,&quot;size&quot;:&quot;&quot;,&quot;sizes&quot;:[]},&quot;_transform_scale_effect_hover_mobile&quot;:{&quot;unit&quot;:&quot;px&quot;,&quot;size&quot;:&quot;&quot;,&quot;sizes&quot;:[]}}\">\n\t\t\t\t<div class=\"elementor-element elementor-element-1028f79 elementor-widget elementor-widget-heading\" data-id=\"1028f79\" data-element_type=\"widget\" data-widget_type=\"heading.default\">\n\t\t\t\t\t<h2 class=\"elementor-heading-title elementor-size-default\"><span class=\"elementor-heading-title elementor-size-default elementor-inline-editing pen\" data-elementor-setting-key=\"title\" data-pen-placeholder=\"Pisz tutaj...\">ISO 45001<\/span><\/h2>\t\t\t\t<\/div>\n\t\t\t\t<div class=\"elementor-element elementor-element-1308933 elementor-hidden-mobile elementor-widget elementor-widget-text-editor\" data-id=\"1308933\" data-element_type=\"widget\" data-widget_type=\"text-editor.default\">\n\t\t\t\t\t\t\t\t\tInstallation of industrial machinery, equipment and appliances. Manufacture of metal structures and structural parts. Repair and maintenance of machinery...\t\t\t\t\t\t\t\t<\/div>\n\t\t\t\t<div class=\"elementor-element elementor-element-8d537f1 elementor-widget elementor-widget-image\" data-id=\"8d537f1\" data-element_type=\"widget\" data-widget_type=\"image.default\">\n\t\t\t\t\t\t\t\t\t\t\t\t\t\t\t<img decoding=\"async\" width=\"215\" height=\"85\" src=\"https:\/\/ampnord.eu\/wp-content\/uploads\/2025\/09\/Logo_ISO45001.png\" class=\"attachment-large size-large wp-image-255\" alt=\"\" \/>\t\t\t\t\t\t\t\t\t\t\t\t\t\t\t<\/div>\n\t\t\t\t<\/div>\n\t\t<div class=\"elementor-element elementor-element-f0660ef e-con-full e-transform e-flex e-con e-child\" data-id=\"f0660ef\" data-element_type=\"container\" data-settings=\"{&quot;_transform_scale_effect_hover&quot;:{&quot;unit&quot;:&quot;px&quot;,&quot;size&quot;:1.0500000000000000444089209850062616169452667236328125,&quot;sizes&quot;:[]},&quot;_transform_scale_effect_hover_laptop&quot;:{&quot;unit&quot;:&quot;px&quot;,&quot;size&quot;:&quot;&quot;,&quot;sizes&quot;:[]},&quot;_transform_scale_effect_hover_tablet&quot;:{&quot;unit&quot;:&quot;px&quot;,&quot;size&quot;:&quot;&quot;,&quot;sizes&quot;:[]},&quot;_transform_scale_effect_hover_mobile&quot;:{&quot;unit&quot;:&quot;px&quot;,&quot;size&quot;:&quot;&quot;,&quot;sizes&quot;:[]}}\">\n\t\t\t\t<div class=\"elementor-element elementor-element-4fd7e17 elementor-widget elementor-widget-heading\" data-id=\"4fd7e17\" data-element_type=\"widget\" data-widget_type=\"heading.default\">\n\t\t\t\t\t<h2 class=\"elementor-heading-title elementor-size-default\">many others<\/h2>\t\t\t\t<\/div>\n\t\t\t\t<div class=\"elementor-element elementor-element-2f903f2 elementor-hidden-mobile elementor-widget elementor-widget-text-editor\" data-id=\"2f903f2\" data-element_type=\"widget\" data-widget_type=\"text-editor.default\">\n\t\t\t\t\t\t\t\t\t<p>We hold a number of certifications in our company's specialist areas - to find out more - please contact us. <a href=\"\/en\/contact\/\">ask<\/a> for details. We would be happy to tell you more.<\/p>\t\t\t\t\t\t\t\t<\/div>\n\t\t\t\t<div class=\"elementor-element elementor-element-a3c7858 elementor-widget elementor-widget-image\" data-id=\"a3c7858\" data-element_type=\"widget\" data-widget_type=\"image.default\">\n\t\t\t\t\t\t\t\t\t\t\t\t\t\t\t<img loading=\"lazy\" decoding=\"async\" width=\"113\" height=\"113\" src=\"https:\/\/ampnord.eu\/wp-content\/uploads\/2025\/09\/UDT.png\" class=\"attachment-large size-large wp-image-254\" alt=\"\" \/>\t\t\t\t\t\t\t\t\t\t\t\t\t\t\t<\/div>\n\t\t\t\t<\/div>\n\t\t\t\t<\/div>\n\t\t\t\t\t<\/div>\n\t\t\t\t<\/div>\n\t\t\t\t<\/div>","protected":false},"excerpt":{"rendered":"<p>Certyfikaty Nasze certyfikaty ISO 3834-2 Projektowanie, wytwarzanie i modernizacja instalacji technologicznych, ruroci\u0105g\u00f3w, zbiornik\u00f3w oraz konstrukcji stalowych w bran\u017cy chemicznej, petrochemicznej, rafineryjnej &#8230; ISO 14001 Instalowanie maszyn przemys\u0142owych, sprz\u0119tu i wyposa\u017cenia. Produkcja konstrukcji metalowych i cz\u0119\u015bci konstrukcji. Naprawa i konserwacja maszyn&#8230; ISO 9001 Instalowanie maszyn przemys\u0142owych, sprz\u0119tu i wyposa\u017cenia. Produkcja konstrukcji metalowych i cz\u0119\u015bci konstrukcji. Naprawa [&hellip;]<\/p>","protected":false},"author":1,"featured_media":0,"parent":0,"menu_order":0,"comment_status":"closed","ping_status":"closed","template":"","meta":{"_acf_changed":false,"inline_featured_image":false,"footnotes":""},"class_list":["post-531","page","type-page","status-publish","hentry"],"acf":[],"yoast_head":"<!-- This site is optimized with the Yoast SEO plugin v26.0 - https:\/\/yoast.com\/wordpress\/plugins\/seo\/ -->\n<title>Certyfikaty - AMP NORD<\/title>\n<meta name=\"robots\" content=\"noindex, follow, max-snippet:-1, max-image-preview:large, max-video-preview:-1\" \/>\n<meta property=\"og:locale\" content=\"en_GB\" \/>\n<meta property=\"og:type\" content=\"article\" \/>\n<meta property=\"og:title\" content=\"Certyfikaty - AMP NORD\" \/>\n<meta property=\"og:description\" content=\"Certyfikaty Nasze certyfikaty ISO 3834-2 Projektowanie, wytwarzanie i modernizacja instalacji technologicznych, ruroci\u0105g\u00f3w, zbiornik\u00f3w oraz konstrukcji stalowych w bran\u017cy chemicznej, petrochemicznej, rafineryjnej &#8230; ISO 14001 Instalowanie maszyn przemys\u0142owych, sprz\u0119tu i wyposa\u017cenia. Produkcja konstrukcji metalowych i cz\u0119\u015bci konstrukcji. Naprawa i konserwacja maszyn&#8230; ISO 9001 Instalowanie maszyn przemys\u0142owych, sprz\u0119tu i wyposa\u017cenia. Produkcja konstrukcji metalowych i cz\u0119\u015bci konstrukcji. Naprawa [&hellip;]\" \/>\n<meta property=\"og:url\" content=\"https:\/\/ampnord.eu\/en\/certificates\/\" \/>\n<meta property=\"og:site_name\" content=\"AMP NORD\" \/>\n<meta property=\"article:modified_time\" content=\"2025-09-30T21:20:05+00:00\" \/>\n<meta property=\"og:image\" content=\"https:\/\/ampnord.eu\/wp-content\/uploads\/2025\/09\/TUV-1.png\" \/>\n\t<meta property=\"og:image:width\" content=\"109\" \/>\n\t<meta property=\"og:image:height\" content=\"108\" \/>\n\t<meta property=\"og:image:type\" content=\"image\/png\" \/>\n<meta name=\"twitter:card\" content=\"summary_large_image\" \/>\n<meta name=\"twitter:label1\" content=\"Estimated reading time\" \/>\n\t<meta name=\"twitter:data1\" content=\"1 minute\" \/>\n<script type=\"application\/ld+json\" class=\"yoast-schema-graph\">{\"@context\":\"https:\/\/schema.org\",\"@graph\":[{\"@type\":\"WebPage\",\"@id\":\"https:\/\/ampnord.eu\/certyfikaty\/\",\"url\":\"https:\/\/ampnord.eu\/certyfikaty\/\",\"name\":\"Certyfikaty - AMP NORD\",\"isPartOf\":{\"@id\":\"https:\/\/ampnord.eu\/#website\"},\"primaryImageOfPage\":{\"@id\":\"https:\/\/ampnord.eu\/certyfikaty\/#primaryimage\"},\"image\":{\"@id\":\"https:\/\/ampnord.eu\/certyfikaty\/#primaryimage\"},\"thumbnailUrl\":\"https:\/\/ampnord.eu\/wp-content\/uploads\/2025\/09\/TUV-1.png\",\"datePublished\":\"2025-09-11T07:02:57+00:00\",\"dateModified\":\"2025-09-30T21:20:05+00:00\",\"breadcrumb\":{\"@id\":\"https:\/\/ampnord.eu\/certyfikaty\/#breadcrumb\"},\"inLanguage\":\"en-GB\",\"potentialAction\":[{\"@type\":\"ReadAction\",\"target\":[\"https:\/\/ampnord.eu\/certyfikaty\/\"]}]},{\"@type\":\"ImageObject\",\"inLanguage\":\"en-GB\",\"@id\":\"https:\/\/ampnord.eu\/certyfikaty\/#primaryimage\",\"url\":\"https:\/\/ampnord.eu\/wp-content\/uploads\/2025\/09\/TUV-1.png\",\"contentUrl\":\"https:\/\/ampnord.eu\/wp-content\/uploads\/2025\/09\/TUV-1.png\"},{\"@type\":\"BreadcrumbList\",\"@id\":\"https:\/\/ampnord.eu\/certyfikaty\/#breadcrumb\",\"itemListElement\":[{\"@type\":\"ListItem\",\"position\":1,\"name\":\"Strona g\u0142\u00f3wna\",\"item\":\"https:\/\/ampnord.eu\/\"},{\"@type\":\"ListItem\",\"position\":2,\"name\":\"Certyfikaty\"}]},{\"@type\":\"WebSite\",\"@id\":\"https:\/\/ampnord.eu\/#website\",\"url\":\"https:\/\/ampnord.eu\/\",\"name\":\"AMP NORD\",\"description\":\"Instalacje przemys\u0142owe i konstrukcje stalowe\",\"publisher\":{\"@id\":\"https:\/\/ampnord.eu\/#organization\"},\"potentialAction\":[{\"@type\":\"SearchAction\",\"target\":{\"@type\":\"EntryPoint\",\"urlTemplate\":\"https:\/\/ampnord.eu\/?s={search_term_string}\"},\"query-input\":{\"@type\":\"PropertyValueSpecification\",\"valueRequired\":true,\"valueName\":\"search_term_string\"}}],\"inLanguage\":\"en-GB\"},{\"@type\":\"Organization\",\"@id\":\"https:\/\/ampnord.eu\/#organization\",\"name\":\"AMP NORD\",\"url\":\"https:\/\/ampnord.eu\/\",\"logo\":{\"@type\":\"ImageObject\",\"inLanguage\":\"en-GB\",\"@id\":\"https:\/\/ampnord.eu\/#\/schema\/logo\/image\/\",\"url\":\"https:\/\/ampnord.eu\/wp-content\/uploads\/2025\/09\/logo-AMPNord.svg\",\"contentUrl\":\"https:\/\/ampnord.eu\/wp-content\/uploads\/2025\/09\/logo-AMPNord.svg\",\"width\":171,\"height\":109,\"caption\":\"AMP NORD\"},\"image\":{\"@id\":\"https:\/\/ampnord.eu\/#\/schema\/logo\/image\/\"}}]}<\/script>\n<!-- \/ Yoast SEO plugin. -->","yoast_head_json":{"title":"Certificates - AMP NORD","robots":{"index":"noindex","follow":"follow","max-snippet":"max-snippet:-1","max-image-preview":"max-image-preview:large","max-video-preview":"max-video-preview:-1"},"og_locale":"en_GB","og_type":"article","og_title":"Certyfikaty - AMP NORD","og_description":"Certyfikaty Nasze certyfikaty ISO 3834-2 Projektowanie, wytwarzanie i modernizacja instalacji technologicznych, ruroci\u0105g\u00f3w, zbiornik\u00f3w oraz konstrukcji stalowych w bran\u017cy chemicznej, petrochemicznej, rafineryjnej &#8230; ISO 14001 Instalowanie maszyn przemys\u0142owych, sprz\u0119tu i wyposa\u017cenia. Produkcja konstrukcji metalowych i cz\u0119\u015bci konstrukcji. Naprawa i konserwacja maszyn&#8230; ISO 9001 Instalowanie maszyn przemys\u0142owych, sprz\u0119tu i wyposa\u017cenia. Produkcja konstrukcji metalowych i cz\u0119\u015bci konstrukcji. Naprawa [&hellip;]","og_url":"https:\/\/ampnord.eu\/en\/certificates\/","og_site_name":"AMP NORD","article_modified_time":"2025-09-30T21:20:05+00:00","og_image":[{"width":109,"height":108,"url":"https:\/\/ampnord.eu\/wp-content\/uploads\/2025\/09\/TUV-1.png","type":"image\/png"}],"twitter_card":"summary_large_image","twitter_misc":{"Estimated reading time":"1 minute"},"schema":{"@context":"https:\/\/schema.org","@graph":[{"@type":"WebPage","@id":"https:\/\/ampnord.eu\/certyfikaty\/","url":"https:\/\/ampnord.eu\/certyfikaty\/","name":"Certificates - AMP NORD","isPartOf":{"@id":"https:\/\/ampnord.eu\/#website"},"primaryImageOfPage":{"@id":"https:\/\/ampnord.eu\/certyfikaty\/#primaryimage"},"image":{"@id":"https:\/\/ampnord.eu\/certyfikaty\/#primaryimage"},"thumbnailUrl":"https:\/\/ampnord.eu\/wp-content\/uploads\/2025\/09\/TUV-1.png","datePublished":"2025-09-11T07:02:57+00:00","dateModified":"2025-09-30T21:20:05+00:00","breadcrumb":{"@id":"https:\/\/ampnord.eu\/certyfikaty\/#breadcrumb"},"inLanguage":"en-GB","potentialAction":[{"@type":"ReadAction","target":["https:\/\/ampnord.eu\/certyfikaty\/"]}]},{"@type":"ImageObject","inLanguage":"en-GB","@id":"https:\/\/ampnord.eu\/certyfikaty\/#primaryimage","url":"https:\/\/ampnord.eu\/wp-content\/uploads\/2025\/09\/TUV-1.png","contentUrl":"https:\/\/ampnord.eu\/wp-content\/uploads\/2025\/09\/TUV-1.png"},{"@type":"BreadcrumbList","@id":"https:\/\/ampnord.eu\/certyfikaty\/#breadcrumb","itemListElement":[{"@type":"ListItem","position":1,"name":"Strona g\u0142\u00f3wna","item":"https:\/\/ampnord.eu\/"},{"@type":"ListItem","position":2,"name":"Certyfikaty"}]},{"@type":"WebSite","@id":"https:\/\/ampnord.eu\/#website","url":"https:\/\/ampnord.eu\/","name":"AMP NORD","description":"Instalacje przemys\u0142owe i konstrukcje stalowe","publisher":{"@id":"https:\/\/ampnord.eu\/#organization"},"potentialAction":[{"@type":"SearchAction","target":{"@type":"EntryPoint","urlTemplate":"https:\/\/ampnord.eu\/?s={search_term_string}"},"query-input":{"@type":"PropertyValueSpecification","valueRequired":true,"valueName":"search_term_string"}}],"inLanguage":"en-GB"},{"@type":"Organization","@id":"https:\/\/ampnord.eu\/#organization","name":"AMP NORD","url":"https:\/\/ampnord.eu\/","logo":{"@type":"ImageObject","inLanguage":"en-GB","@id":"https:\/\/ampnord.eu\/#\/schema\/logo\/image\/","url":"https:\/\/ampnord.eu\/wp-content\/uploads\/2025\/09\/logo-AMPNord.svg","contentUrl":"https:\/\/ampnord.eu\/wp-content\/uploads\/2025\/09\/logo-AMPNord.svg","width":171,"height":109,"caption":"AMP NORD"},"image":{"@id":"https:\/\/ampnord.eu\/#\/schema\/logo\/image\/"}}]}},"_links":{"self":[{"href":"https:\/\/ampnord.eu\/en\/wp-json\/wp\/v2\/pages\/531","targetHints":{"allow":["GET"]}}],"collection":[{"href":"https:\/\/ampnord.eu\/en\/wp-json\/wp\/v2\/pages"}],"about":[{"href":"https:\/\/ampnord.eu\/en\/wp-json\/wp\/v2\/types\/page"}],"author":[{"embeddable":true,"href":"https:\/\/ampnord.eu\/en\/wp-json\/wp\/v2\/users\/1"}],"replies":[{"embeddable":true,"href":"https:\/\/ampnord.eu\/en\/wp-json\/wp\/v2\/comments?post=531"}],"version-history":[{"count":19,"href":"https:\/\/ampnord.eu\/en\/wp-json\/wp\/v2\/pages\/531\/revisions"}],"predecessor-version":[{"id":740,"href":"https:\/\/ampnord.eu\/en\/wp-json\/wp\/v2\/pages\/531\/revisions\/740"}],"wp:attachment":[{"href":"https:\/\/ampnord.eu\/en\/wp-json\/wp\/v2\/media?parent=531"}],"curies":[{"name":"wp","href":"https:\/\/api.w.org\/{rel}","templated":true}]}}