{"id":417,"date":"2025-09-11T04:40:31","date_gmt":"2025-09-11T04:40:31","guid":{"rendered":"https:\/\/ampnord.eu\/?page_id=417"},"modified":"2025-10-30T19:09:50","modified_gmt":"2025-10-30T19:09:50","slug":"petroseal","status":"publish","type":"page","link":"https:\/\/ampnord.eu\/en\/petroseal\/","title":{"rendered":"Petroseal"},"content":{"rendered":"<div data-elementor-type=\"wp-page\" data-elementor-id=\"417\" class=\"elementor elementor-417\" data-elementor-post-type=\"page\">\n\t\t\t\t<div class=\"elementor-element elementor-element-5b3e536 e-flex e-con-boxed e-con e-parent\" data-id=\"5b3e536\" data-element_type=\"container\">\n\t\t\t\t\t<div class=\"e-con-inner\">\n\t\t<div class=\"elementor-element elementor-element-daa0d4b e-con-full e-flex e-con e-child\" data-id=\"daa0d4b\" data-element_type=\"container\">\n\t\t\t\t<div class=\"elementor-element elementor-element-62cfc62 elementor-widget elementor-widget-heading\" data-id=\"62cfc62\" data-element_type=\"widget\" data-widget_type=\"heading.default\">\n\t\t\t\t\t<h2 class=\"elementor-heading-title elementor-size-default\">About us<\/h2>\t\t\t\t<\/div>\n\t\t\t\t<div class=\"elementor-element elementor-element-f9f14ae elementor-widget elementor-widget-heading\" data-id=\"f9f14ae\" data-element_type=\"widget\" data-widget_type=\"heading.default\">\n\t\t\t\t\t<h2 class=\"elementor-heading-title elementor-size-default\">Exclusive distributor of\nsealing compounds\nPetroseal (Poland)\n<\/h2>\t\t\t\t<\/div>\n\t\t\t\t<div class=\"elementor-element elementor-element-1e26e7e elementor-widget__width-initial elementor-widget-mobile__width-inherit elementor-widget elementor-widget-text-editor\" data-id=\"1e26e7e\" data-element_type=\"widget\" data-widget_type=\"text-editor.default\">\n\t\t\t\t\t\t\t\t\t<p>AMP NORD Sp. z o.o. is the official and exclusive representative of Petroseal in Poland. We are fully authorised to distribute, provide services and technical support for professional pipe sealing solutions.\u00a0<\/p><p>Please address all enquiries, orders and requests for technical advice directly to our team.<\/p>\t\t\t\t\t\t\t\t<\/div>\n\t\t\t\t<div class=\"elementor-element elementor-element-4207fc9 elementor-widget elementor-widget-button\" data-id=\"4207fc9\" data-element_type=\"widget\" data-widget_type=\"button.default\">\n\t\t\t\t\t\t\t\t\t\t<a class=\"elementor-button elementor-button-link elementor-size-sm\" href=\"\/en\/contact\/\">\n\t\t\t\t\t\t<span class=\"elementor-button-content-wrapper\">\n\t\t\t\t\t\t\t\t\t<span class=\"elementor-button-text\">Contact<\/span>\n\t\t\t\t\t<\/span>\n\t\t\t\t\t<\/a>\n\t\t\t\t\t\t\t\t<\/div>\n\t\t\t\t<\/div>\n\t\t<div class=\"elementor-element elementor-element-1186212 e-con-full stretch-right e-flex e-con e-child\" data-id=\"1186212\" data-element_type=\"container\">\n\t\t\t\t<div class=\"elementor-element elementor-element-8d55128 elementor-widget elementor-widget-image\" data-id=\"8d55128\" data-element_type=\"widget\" data-widget_type=\"image.default\">\n\t\t\t\t\t\t\t\t\t\t\t\t\t\t\t<img fetchpriority=\"high\" decoding=\"async\" width=\"960\" height=\"826\" src=\"https:\/\/ampnord.eu\/wp-content\/uploads\/2025\/09\/Petroseal-top.jpg\" class=\"attachment-full size-full wp-image-421\" alt=\"\" srcset=\"https:\/\/ampnord.eu\/wp-content\/uploads\/2025\/09\/Petroseal-top.jpg 960w, https:\/\/ampnord.eu\/wp-content\/uploads\/2025\/09\/Petroseal-top-300x258.jpg 300w, https:\/\/ampnord.eu\/wp-content\/uploads\/2025\/09\/Petroseal-top-768x661.jpg 768w\" sizes=\"(max-width: 960px) 100vw, 960px\" \/>\t\t\t\t\t\t\t\t\t\t\t\t\t\t\t<\/div>\n\t\t\t\t<\/div>\n\t\t\t\t\t<\/div>\n\t\t\t\t<\/div>\n\t\t<div class=\"elementor-element elementor-element-ac4ade2 e-flex e-con-boxed e-con e-parent\" data-id=\"ac4ade2\" data-element_type=\"container\" data-settings=\"{&quot;background_background&quot;:&quot;gradient&quot;}\">\n\t\t\t\t\t<div class=\"e-con-inner\">\n\t\t<div class=\"elementor-element elementor-element-703e8cf e-con-full e-flex e-con e-child\" data-id=\"703e8cf\" data-element_type=\"container\" data-settings=\"{&quot;background_background&quot;:&quot;classic&quot;}\">\n\t\t\t\t<div class=\"elementor-element elementor-element-f10265b elementor-widget elementor-widget-image\" data-id=\"f10265b\" data-element_type=\"widget\" data-widget_type=\"image.default\">\n\t\t\t\t\t\t\t\t\t\t\t\t\t\t\t<img decoding=\"async\" width=\"800\" height=\"209\" src=\"https:\/\/ampnord.eu\/wp-content\/uploads\/2025\/09\/Petroseal-poziom.svg\" class=\"attachment-large size-large wp-image-428\" alt=\"\" \/>\t\t\t\t\t\t\t\t\t\t\t\t\t\t\t<\/div>\n\t\t\t\t<\/div>\n\t\t<div class=\"elementor-element elementor-element-8c4154a e-con-full elementor-hidden-tablet elementor-hidden-mobile e-flex e-con e-child\" data-id=\"8c4154a\" data-element_type=\"container\">\n\t\t\t\t<\/div>\n\t\t\t\t\t<\/div>\n\t\t\t\t<\/div>\n\t\t<div class=\"elementor-element elementor-element-dac3752 e-flex e-con-boxed e-con e-parent\" data-id=\"dac3752\" data-element_type=\"container\" data-settings=\"{&quot;background_background&quot;:&quot;gradient&quot;}\">\n\t\t\t\t\t<div class=\"e-con-inner\">\n\t\t<div class=\"elementor-element elementor-element-fae5b74 e-con-full e-flex e-con e-child\" data-id=\"fae5b74\" data-element_type=\"container\">\n\t\t\t\t<div class=\"elementor-element elementor-element-e34de9a elementor-widget elementor-widget-heading\" data-id=\"e34de9a\" data-element_type=\"widget\" data-widget_type=\"heading.default\">\n\t\t\t\t\t<h2 class=\"elementor-heading-title elementor-size-default\">Watertightness guarantee<\/h2>\t\t\t\t<\/div>\n\t\t\t\t<div class=\"elementor-element elementor-element-bdd4f83 elementor-widget elementor-widget-heading\" data-id=\"bdd4f83\" data-element_type=\"widget\" data-widget_type=\"heading.default\">\n\t\t\t\t\t<h2 class=\"elementor-heading-title elementor-size-default\">Products<br>\nPetroseal companies<\/h2>\t\t\t\t<\/div>\n\t\t\t\t<div class=\"elementor-element elementor-element-195dbf4 elementor-widget__width-initial elementor-widget-mobile__width-inherit elementor-widget elementor-widget-text-editor\" data-id=\"195dbf4\" data-element_type=\"widget\" data-widget_type=\"text-editor.default\">\n\t\t\t\t\t\t\t\t\t<p>If you are interested in Petroseal products, please contact us by e-mail<\/p>\t\t\t\t\t\t\t\t<\/div>\n\t\t\t\t<div class=\"elementor-element elementor-element-a5e5b44 elementor-mobile-align-justify elementor-widget-mobile__width-inherit elementor-widget elementor-widget-button\" data-id=\"a5e5b44\" data-element_type=\"widget\" data-widget_type=\"button.default\">\n\t\t\t\t\t\t\t\t\t\t<a class=\"elementor-button elementor-button-link elementor-size-sm\" href=\"\/en\/contact\/\">\n\t\t\t\t\t\t<span class=\"elementor-button-content-wrapper\">\n\t\t\t\t\t\t\t\t\t<span class=\"elementor-button-text\">Send a message<\/span>\n\t\t\t\t\t<\/span>\n\t\t\t\t\t<\/a>\n\t\t\t\t\t\t\t\t<\/div>\n\t\t\t\t<div class=\"elementor-element elementor-element-b55d65f elementor-mobile-align-justify elementor-widget elementor-widget-button\" data-id=\"b55d65f\" data-element_type=\"widget\" data-widget_type=\"button.default\">\n\t\t\t\t\t\t\t\t\t\t<a class=\"elementor-button elementor-button-link elementor-size-sm\" href=\"#\">\n\t\t\t\t\t\t<span class=\"elementor-button-content-wrapper\">\n\t\t\t\t\t\t\t\t\t<span class=\"elementor-button-text\">DOWNLOAD PDF<\/span>\n\t\t\t\t\t<\/span>\n\t\t\t\t\t<\/a>\n\t\t\t\t\t\t\t\t<\/div>\n\t\t\t\t<div class=\"elementor-element elementor-element-d74546d elementor-widget elementor-widget-image\" data-id=\"d74546d\" data-element_type=\"widget\" data-widget_type=\"image.default\">\n\t\t\t\t\t\t\t\t\t\t\t\t\t\t\t<img decoding=\"async\" width=\"638\" height=\"167\" src=\"https:\/\/ampnord.eu\/wp-content\/uploads\/2025\/09\/Petroseal_line_rvb_1600px-1.svg\" class=\"attachment-full size-full wp-image-435\" alt=\"\" \/>\t\t\t\t\t\t\t\t\t\t\t\t\t\t\t<\/div>\n\t\t\t\t<div class=\"elementor-element elementor-element-7f8086d elementor-absolute elementor-widget elementor-widget-image\" data-id=\"7f8086d\" data-element_type=\"widget\" data-settings=\"{&quot;_position&quot;:&quot;absolute&quot;}\" data-widget_type=\"image.default\">\n\t\t\t\t\t\t\t\t\t\t\t\t\t\t\t<img loading=\"lazy\" decoding=\"async\" width=\"990\" height=\"666\" src=\"https:\/\/ampnord.eu\/wp-content\/uploads\/2025\/09\/globus.svg\" class=\"attachment-full size-full wp-image-444\" alt=\"\" \/>\t\t\t\t\t\t\t\t\t\t\t\t\t\t\t<\/div>\n\t\t\t\t<\/div>\n\t\t<div class=\"elementor-element elementor-element-023fe64 e-con-full e-flex e-con e-child\" data-id=\"023fe64\" data-element_type=\"container\" data-settings=\"{&quot;background_background&quot;:&quot;classic&quot;}\">\n\t\t<div class=\"elementor-element elementor-element-c263dff e-con-full e-flex e-con e-child\" data-id=\"c263dff\" data-element_type=\"container\">\n\t\t\t\t<div class=\"elementor-element elementor-element-84a6a6e elementor-widget__width-initial elementor-invisible elementor-widget elementor-widget-image\" data-id=\"84a6a6e\" data-element_type=\"widget\" data-settings=\"{&quot;_animation&quot;:&quot;fadeInUp&quot;,&quot;_animation_delay&quot;:300}\" data-widget_type=\"image.default\">\n\t\t\t\t\t\t\t\t\t\t\t\t\t\t\t<img loading=\"lazy\" decoding=\"async\" width=\"451\" height=\"445\" src=\"https:\/\/ampnord.eu\/wp-content\/uploads\/2025\/09\/Petroseal1.jpg\" class=\"attachment-large size-large wp-image-437\" alt=\"\" srcset=\"https:\/\/ampnord.eu\/wp-content\/uploads\/2025\/09\/Petroseal1.jpg 451w, https:\/\/ampnord.eu\/wp-content\/uploads\/2025\/09\/Petroseal1-300x296.jpg 300w\" sizes=\"(max-width: 451px) 100vw, 451px\" \/>\t\t\t\t\t\t\t\t\t\t\t\t\t\t\t<\/div>\n\t\t\t\t<div class=\"elementor-element elementor-element-83b09ac elementor-widget__width-initial elementor-invisible elementor-widget elementor-widget-image\" data-id=\"83b09ac\" data-element_type=\"widget\" data-settings=\"{&quot;_animation&quot;:&quot;fadeInUp&quot;,&quot;_animation_delay&quot;:100}\" data-widget_type=\"image.default\">\n\t\t\t\t\t\t\t\t\t\t\t\t\t\t\t<img loading=\"lazy\" decoding=\"async\" width=\"451\" height=\"445\" src=\"https:\/\/ampnord.eu\/wp-content\/uploads\/2025\/09\/Petroseal2.jpg\" class=\"attachment-large size-large wp-image-438\" alt=\"\" srcset=\"https:\/\/ampnord.eu\/wp-content\/uploads\/2025\/09\/Petroseal2.jpg 451w, https:\/\/ampnord.eu\/wp-content\/uploads\/2025\/09\/Petroseal2-300x296.jpg 300w\" sizes=\"(max-width: 451px) 100vw, 451px\" \/>\t\t\t\t\t\t\t\t\t\t\t\t\t\t\t<\/div>\n\t\t\t\t<div class=\"elementor-element elementor-element-4eef87d elementor-widget__width-initial elementor-invisible elementor-widget elementor-widget-image\" data-id=\"4eef87d\" data-element_type=\"widget\" data-settings=\"{&quot;_animation&quot;:&quot;fadeInUp&quot;,&quot;_animation_delay&quot;:200}\" data-widget_type=\"image.default\">\n\t\t\t\t\t\t\t\t\t\t\t\t\t\t\t<img loading=\"lazy\" decoding=\"async\" width=\"451\" height=\"445\" src=\"https:\/\/ampnord.eu\/wp-content\/uploads\/2025\/09\/Petroseal3.jpg\" class=\"attachment-large size-large wp-image-439\" alt=\"\" srcset=\"https:\/\/ampnord.eu\/wp-content\/uploads\/2025\/09\/Petroseal3.jpg 451w, https:\/\/ampnord.eu\/wp-content\/uploads\/2025\/09\/Petroseal3-300x296.jpg 300w\" sizes=\"(max-width: 451px) 100vw, 451px\" \/>\t\t\t\t\t\t\t\t\t\t\t\t\t\t\t<\/div>\n\t\t\t\t<div class=\"elementor-element elementor-element-103772c elementor-widget__width-initial elementor-invisible elementor-widget elementor-widget-image\" data-id=\"103772c\" data-element_type=\"widget\" data-settings=\"{&quot;_animation&quot;:&quot;fadeInUp&quot;,&quot;_animation_delay&quot;:400}\" data-widget_type=\"image.default\">\n\t\t\t\t\t\t\t\t\t\t\t\t\t\t\t<img loading=\"lazy\" decoding=\"async\" width=\"451\" height=\"445\" src=\"https:\/\/ampnord.eu\/wp-content\/uploads\/2025\/09\/Petroseal4.jpg\" class=\"attachment-large size-large wp-image-440\" alt=\"\" srcset=\"https:\/\/ampnord.eu\/wp-content\/uploads\/2025\/09\/Petroseal4.jpg 451w, https:\/\/ampnord.eu\/wp-content\/uploads\/2025\/09\/Petroseal4-300x296.jpg 300w\" sizes=\"(max-width: 451px) 100vw, 451px\" \/>\t\t\t\t\t\t\t\t\t\t\t\t\t\t\t<\/div>\n\t\t\t\t<\/div>\n\t\t\t\t<\/div>\n\t\t\t\t\t<\/div>\n\t\t\t\t<\/div>\n\t\t<div class=\"elementor-element elementor-element-f96b872 e-flex e-con-boxed e-con e-parent\" data-id=\"f96b872\" data-element_type=\"container\">\n\t\t\t\t\t<div class=\"e-con-inner\">\n\t\t\t\t<div class=\"elementor-element elementor-element-faa8ad5 elementor-widget-divider--view-line elementor-widget elementor-widget-divider\" data-id=\"faa8ad5\" data-element_type=\"widget\" data-widget_type=\"divider.default\">\n\t\t\t\t\t\t\t<div class=\"elementor-divider\">\n\t\t\t<span class=\"elementor-divider-separator\">\n\t\t\t\t\t\t<\/span>\n\t\t<\/div>\n\t\t\t\t\t\t<\/div>\n\t\t\t\t\t<\/div>\n\t\t\t\t<\/div>\n\t\t<div class=\"elementor-element elementor-element-5543ad4 e-flex e-con-boxed e-con e-parent\" data-id=\"5543ad4\" data-element_type=\"container\">\n\t\t\t\t\t<div class=\"e-con-inner\">\n\t\t<div class=\"elementor-element elementor-element-b20b223 e-con-full e-flex e-con e-child\" data-id=\"b20b223\" data-element_type=\"container\">\n\t\t\t\t<div class=\"elementor-element elementor-element-a38f1b3 elementor-widget elementor-widget-heading\" data-id=\"a38f1b3\" data-element_type=\"widget\" data-widget_type=\"heading.default\">\n\t\t\t\t\t<h2 class=\"elementor-heading-title elementor-size-default\">Reliable quality<\/h2>\t\t\t\t<\/div>\n\t\t\t\t<div class=\"elementor-element elementor-element-dd65c81 elementor-widget__width-initial elementor-widget-mobile__width-inherit elementor-widget elementor-widget-text-editor\" data-id=\"dd65c81\" data-element_type=\"widget\" data-widget_type=\"text-editor.default\">\n\t\t\t\t\t\t\t\t\t<p>Petroseal products are state-of-the-art industrial sealing solutions designed with safety and reliability in mind. They are characterised by their ability to withstand extreme temperatures and pressures, making them suitable for demanding working conditions. They are easy to apply, ready-to-use and subject to strict quality control. Thanks to their versatility, they are used in a wide range of industries - from the energy and chemical industries to steam and gas installations.<\/p>\t\t\t\t\t\t\t\t<\/div>\n\t\t\t\t<\/div>\n\t\t<div class=\"elementor-element elementor-element-d40ebc6 e-con-full e-flex e-con e-child\" data-id=\"d40ebc6\" data-element_type=\"container\">\n\t\t<div class=\"elementor-element elementor-element-c56714a e-con-full e-flex elementor-invisible e-con e-child\" data-id=\"c56714a\" data-element_type=\"container\" data-settings=\"{&quot;animation&quot;:&quot;fadeInUp&quot;,&quot;animation_delay&quot;:300}\">\n\t\t\t\t<div class=\"elementor-element elementor-element-b2804a7 elementor-widget__width-auto elementor-widget elementor-widget-heading\" data-id=\"b2804a7\" data-element_type=\"widget\" data-widget_type=\"heading.default\">\n\t\t\t\t\t<h2 class=\"elementor-heading-title elementor-size-default\">01<\/h2>\t\t\t\t<\/div>\n\t\t\t\t<div class=\"elementor-element elementor-element-697a623 elementor-widget elementor-widget-heading\" data-id=\"697a623\" data-element_type=\"widget\" data-widget_type=\"heading.default\">\n\t\t\t\t\t<h2 class=\"elementor-heading-title elementor-size-default\">Extreme performance<\/h2>\t\t\t\t<\/div>\n\t\t\t\t<\/div>\n\t\t<div class=\"elementor-element elementor-element-2a991d1 e-con-full e-flex elementor-invisible e-con e-child\" data-id=\"2a991d1\" data-element_type=\"container\" data-settings=\"{&quot;animation&quot;:&quot;fadeInUp&quot;,&quot;animation_delay&quot;:100}\">\n\t\t\t\t<div class=\"elementor-element elementor-element-08fa7fd elementor-widget__width-auto elementor-widget elementor-widget-heading\" data-id=\"08fa7fd\" data-element_type=\"widget\" data-widget_type=\"heading.default\">\n\t\t\t\t\t<h2 class=\"elementor-heading-title elementor-size-default\">02<\/h2>\t\t\t\t<\/div>\n\t\t\t\t<div class=\"elementor-element elementor-element-27b9fc0 elementor-widget elementor-widget-heading\" data-id=\"27b9fc0\" data-element_type=\"widget\" data-widget_type=\"heading.default\">\n\t\t\t\t\t<h2 class=\"elementor-heading-title elementor-size-default\">Unparalleled durability<\/h2>\t\t\t\t<\/div>\n\t\t\t\t<\/div>\n\t\t<div class=\"elementor-element elementor-element-8d08697 e-con-full e-flex elementor-invisible e-con e-child\" data-id=\"8d08697\" data-element_type=\"container\" data-settings=\"{&quot;animation&quot;:&quot;fadeInUp&quot;,&quot;animation_delay&quot;:200}\">\n\t\t\t\t<div class=\"elementor-element elementor-element-581c758 elementor-widget__width-auto elementor-widget elementor-widget-heading\" data-id=\"581c758\" data-element_type=\"widget\" data-widget_type=\"heading.default\">\n\t\t\t\t\t<h2 class=\"elementor-heading-title elementor-size-default\">03<\/h2>\t\t\t\t<\/div>\n\t\t\t\t<div class=\"elementor-element elementor-element-afb7fcf elementor-widget elementor-widget-heading\" data-id=\"afb7fcf\" data-element_type=\"widget\" data-widget_type=\"heading.default\">\n\t\t\t\t\t<h2 class=\"elementor-heading-title elementor-size-default\">High quality\nand durability<\/h2>\t\t\t\t<\/div>\n\t\t\t\t<\/div>\n\t\t<div class=\"elementor-element elementor-element-36efa72 e-con-full e-flex elementor-invisible e-con e-child\" data-id=\"36efa72\" data-element_type=\"container\" data-settings=\"{&quot;animation&quot;:&quot;fadeInUp&quot;,&quot;animation_delay&quot;:400}\">\n\t\t\t\t<div class=\"elementor-element elementor-element-7fdc608 elementor-widget__width-auto elementor-widget elementor-widget-heading\" data-id=\"7fdc608\" data-element_type=\"widget\" data-widget_type=\"heading.default\">\n\t\t\t\t\t<h2 class=\"elementor-heading-title elementor-size-default\">04<\/h2>\t\t\t\t<\/div>\n\t\t\t\t<div class=\"elementor-element elementor-element-6565765 elementor-widget elementor-widget-heading\" data-id=\"6565765\" data-element_type=\"widget\" data-widget_type=\"heading.default\">\n\t\t\t\t\t<h2 class=\"elementor-heading-title elementor-size-default\">Wide\napplication \n<\/h2>\t\t\t\t<\/div>\n\t\t\t\t<\/div>\n\t\t\t\t<\/div>\n\t\t\t\t\t<\/div>\n\t\t\t\t<\/div>\n\t\t\t\t<\/div>","protected":false},"excerpt":{"rendered":"<p>O nas Wy\u0142\u0105czny dystrybutor mas uszczelniaj\u0105cych Petroseal (Polska) Firma AMP NORD Sp. z o.o. jest oficjalnym i wy\u0142\u0105cznym przedstawicielem firmy Petroseal w Polsce. Posiadamy pe\u0142ne uprawnienia do dystrybucji, realizacji us\u0142ug oraz \u015bwiadczenia wsparcia technicznego w zakresie profesjonalnych rozwi\u0105za\u0144 uszczelniaj\u0105cych do rur.\u00a0 Wszelkie zapytania, zam\u00f3wienia i pro\u015bby o doradztwo techniczne prosimy kierowa\u0107 bezpo\u015brednio do naszego zespo\u0142u. [&hellip;]<\/p>","protected":false},"author":1,"featured_media":0,"parent":0,"menu_order":0,"comment_status":"closed","ping_status":"closed","template":"","meta":{"_acf_changed":false,"inline_featured_image":false,"footnotes":""},"class_list":["post-417","page","type-page","status-publish","hentry"],"acf":[],"yoast_head":"<!-- This site is optimized with the Yoast SEO plugin v26.0 - https:\/\/yoast.com\/wordpress\/plugins\/seo\/ -->\n<title>Petroseal - AMP NORD<\/title>\n<meta name=\"robots\" content=\"noindex, follow, max-snippet:-1, max-image-preview:large, max-video-preview:-1\" \/>\n<meta property=\"og:locale\" content=\"en_GB\" \/>\n<meta property=\"og:type\" content=\"article\" \/>\n<meta property=\"og:title\" content=\"Petroseal - AMP NORD\" \/>\n<meta property=\"og:description\" content=\"O nas Wy\u0142\u0105czny dystrybutor mas uszczelniaj\u0105cych Petroseal (Polska) Firma AMP NORD Sp. z o.o. jest oficjalnym i wy\u0142\u0105cznym przedstawicielem firmy Petroseal w Polsce. Posiadamy pe\u0142ne uprawnienia do dystrybucji, realizacji us\u0142ug oraz \u015bwiadczenia wsparcia technicznego w zakresie profesjonalnych rozwi\u0105za\u0144 uszczelniaj\u0105cych do rur.\u00a0 Wszelkie zapytania, zam\u00f3wienia i pro\u015bby o doradztwo techniczne prosimy kierowa\u0107 bezpo\u015brednio do naszego zespo\u0142u. [&hellip;]\" \/>\n<meta property=\"og:url\" content=\"https:\/\/ampnord.eu\/en\/petroseal\/\" \/>\n<meta property=\"og:site_name\" content=\"AMP NORD\" \/>\n<meta property=\"article:modified_time\" content=\"2025-10-30T19:09:50+00:00\" \/>\n<meta property=\"og:image\" content=\"https:\/\/ampnord.eu\/wp-content\/uploads\/2025\/09\/Petroseal-top.jpg\" \/>\n\t<meta property=\"og:image:width\" content=\"960\" \/>\n\t<meta property=\"og:image:height\" content=\"826\" \/>\n\t<meta property=\"og:image:type\" content=\"image\/jpeg\" \/>\n<meta name=\"twitter:card\" content=\"summary_large_image\" \/>\n<meta name=\"twitter:label1\" content=\"Estimated reading time\" \/>\n\t<meta name=\"twitter:data1\" content=\"1 minute\" \/>\n<script type=\"application\/ld+json\" class=\"yoast-schema-graph\">{\"@context\":\"https:\/\/schema.org\",\"@graph\":[{\"@type\":\"WebPage\",\"@id\":\"https:\/\/ampnord.eu\/petroseal\/\",\"url\":\"https:\/\/ampnord.eu\/petroseal\/\",\"name\":\"Petroseal - AMP NORD\",\"isPartOf\":{\"@id\":\"https:\/\/ampnord.eu\/#website\"},\"primaryImageOfPage\":{\"@id\":\"https:\/\/ampnord.eu\/petroseal\/#primaryimage\"},\"image\":{\"@id\":\"https:\/\/ampnord.eu\/petroseal\/#primaryimage\"},\"thumbnailUrl\":\"https:\/\/ampnord.eu\/wp-content\/uploads\/2025\/09\/Petroseal-top.jpg\",\"datePublished\":\"2025-09-11T04:40:31+00:00\",\"dateModified\":\"2025-10-30T19:09:50+00:00\",\"breadcrumb\":{\"@id\":\"https:\/\/ampnord.eu\/petroseal\/#breadcrumb\"},\"inLanguage\":\"en-GB\",\"potentialAction\":[{\"@type\":\"ReadAction\",\"target\":[\"https:\/\/ampnord.eu\/petroseal\/\"]}]},{\"@type\":\"ImageObject\",\"inLanguage\":\"en-GB\",\"@id\":\"https:\/\/ampnord.eu\/petroseal\/#primaryimage\",\"url\":\"https:\/\/ampnord.eu\/wp-content\/uploads\/2025\/09\/Petroseal-top.jpg\",\"contentUrl\":\"https:\/\/ampnord.eu\/wp-content\/uploads\/2025\/09\/Petroseal-top.jpg\"},{\"@type\":\"BreadcrumbList\",\"@id\":\"https:\/\/ampnord.eu\/petroseal\/#breadcrumb\",\"itemListElement\":[{\"@type\":\"ListItem\",\"position\":1,\"name\":\"Strona g\u0142\u00f3wna\",\"item\":\"https:\/\/ampnord.eu\/\"},{\"@type\":\"ListItem\",\"position\":2,\"name\":\"Petroseal\"}]},{\"@type\":\"WebSite\",\"@id\":\"https:\/\/ampnord.eu\/#website\",\"url\":\"https:\/\/ampnord.eu\/\",\"name\":\"AMP NORD\",\"description\":\"Instalacje przemys\u0142owe i konstrukcje stalowe\",\"publisher\":{\"@id\":\"https:\/\/ampnord.eu\/#organization\"},\"potentialAction\":[{\"@type\":\"SearchAction\",\"target\":{\"@type\":\"EntryPoint\",\"urlTemplate\":\"https:\/\/ampnord.eu\/?s={search_term_string}\"},\"query-input\":{\"@type\":\"PropertyValueSpecification\",\"valueRequired\":true,\"valueName\":\"search_term_string\"}}],\"inLanguage\":\"en-GB\"},{\"@type\":\"Organization\",\"@id\":\"https:\/\/ampnord.eu\/#organization\",\"name\":\"AMP NORD\",\"url\":\"https:\/\/ampnord.eu\/\",\"logo\":{\"@type\":\"ImageObject\",\"inLanguage\":\"en-GB\",\"@id\":\"https:\/\/ampnord.eu\/#\/schema\/logo\/image\/\",\"url\":\"https:\/\/ampnord.eu\/wp-content\/uploads\/2025\/09\/logo-AMPNord.svg\",\"contentUrl\":\"https:\/\/ampnord.eu\/wp-content\/uploads\/2025\/09\/logo-AMPNord.svg\",\"width\":171,\"height\":109,\"caption\":\"AMP NORD\"},\"image\":{\"@id\":\"https:\/\/ampnord.eu\/#\/schema\/logo\/image\/\"}}]}<\/script>\n<!-- \/ Yoast SEO plugin. -->","yoast_head_json":{"title":"Petroseal - AMP NORD","robots":{"index":"noindex","follow":"follow","max-snippet":"max-snippet:-1","max-image-preview":"max-image-preview:large","max-video-preview":"max-video-preview:-1"},"og_locale":"en_GB","og_type":"article","og_title":"Petroseal - AMP NORD","og_description":"O nas Wy\u0142\u0105czny dystrybutor mas uszczelniaj\u0105cych Petroseal (Polska) Firma AMP NORD Sp. z o.o. jest oficjalnym i wy\u0142\u0105cznym przedstawicielem firmy Petroseal w Polsce. Posiadamy pe\u0142ne uprawnienia do dystrybucji, realizacji us\u0142ug oraz \u015bwiadczenia wsparcia technicznego w zakresie profesjonalnych rozwi\u0105za\u0144 uszczelniaj\u0105cych do rur.\u00a0 Wszelkie zapytania, zam\u00f3wienia i pro\u015bby o doradztwo techniczne prosimy kierowa\u0107 bezpo\u015brednio do naszego zespo\u0142u. [&hellip;]","og_url":"https:\/\/ampnord.eu\/en\/petroseal\/","og_site_name":"AMP NORD","article_modified_time":"2025-10-30T19:09:50+00:00","og_image":[{"width":960,"height":826,"url":"https:\/\/ampnord.eu\/wp-content\/uploads\/2025\/09\/Petroseal-top.jpg","type":"image\/jpeg"}],"twitter_card":"summary_large_image","twitter_misc":{"Estimated reading time":"1 minute"},"schema":{"@context":"https:\/\/schema.org","@graph":[{"@type":"WebPage","@id":"https:\/\/ampnord.eu\/petroseal\/","url":"https:\/\/ampnord.eu\/petroseal\/","name":"Petroseal - AMP NORD","isPartOf":{"@id":"https:\/\/ampnord.eu\/#website"},"primaryImageOfPage":{"@id":"https:\/\/ampnord.eu\/petroseal\/#primaryimage"},"image":{"@id":"https:\/\/ampnord.eu\/petroseal\/#primaryimage"},"thumbnailUrl":"https:\/\/ampnord.eu\/wp-content\/uploads\/2025\/09\/Petroseal-top.jpg","datePublished":"2025-09-11T04:40:31+00:00","dateModified":"2025-10-30T19:09:50+00:00","breadcrumb":{"@id":"https:\/\/ampnord.eu\/petroseal\/#breadcrumb"},"inLanguage":"en-GB","potentialAction":[{"@type":"ReadAction","target":["https:\/\/ampnord.eu\/petroseal\/"]}]},{"@type":"ImageObject","inLanguage":"en-GB","@id":"https:\/\/ampnord.eu\/petroseal\/#primaryimage","url":"https:\/\/ampnord.eu\/wp-content\/uploads\/2025\/09\/Petroseal-top.jpg","contentUrl":"https:\/\/ampnord.eu\/wp-content\/uploads\/2025\/09\/Petroseal-top.jpg"},{"@type":"BreadcrumbList","@id":"https:\/\/ampnord.eu\/petroseal\/#breadcrumb","itemListElement":[{"@type":"ListItem","position":1,"name":"Strona g\u0142\u00f3wna","item":"https:\/\/ampnord.eu\/"},{"@type":"ListItem","position":2,"name":"Petroseal"}]},{"@type":"WebSite","@id":"https:\/\/ampnord.eu\/#website","url":"https:\/\/ampnord.eu\/","name":"AMP NORD","description":"Instalacje przemys\u0142owe i konstrukcje stalowe","publisher":{"@id":"https:\/\/ampnord.eu\/#organization"},"potentialAction":[{"@type":"SearchAction","target":{"@type":"EntryPoint","urlTemplate":"https:\/\/ampnord.eu\/?s={search_term_string}"},"query-input":{"@type":"PropertyValueSpecification","valueRequired":true,"valueName":"search_term_string"}}],"inLanguage":"en-GB"},{"@type":"Organization","@id":"https:\/\/ampnord.eu\/#organization","name":"AMP NORD","url":"https:\/\/ampnord.eu\/","logo":{"@type":"ImageObject","inLanguage":"en-GB","@id":"https:\/\/ampnord.eu\/#\/schema\/logo\/image\/","url":"https:\/\/ampnord.eu\/wp-content\/uploads\/2025\/09\/logo-AMPNord.svg","contentUrl":"https:\/\/ampnord.eu\/wp-content\/uploads\/2025\/09\/logo-AMPNord.svg","width":171,"height":109,"caption":"AMP NORD"},"image":{"@id":"https:\/\/ampnord.eu\/#\/schema\/logo\/image\/"}}]}},"_links":{"self":[{"href":"https:\/\/ampnord.eu\/en\/wp-json\/wp\/v2\/pages\/417","targetHints":{"allow":["GET"]}}],"collection":[{"href":"https:\/\/ampnord.eu\/en\/wp-json\/wp\/v2\/pages"}],"about":[{"href":"https:\/\/ampnord.eu\/en\/wp-json\/wp\/v2\/types\/page"}],"author":[{"embeddable":true,"href":"https:\/\/ampnord.eu\/en\/wp-json\/wp\/v2\/users\/1"}],"replies":[{"embeddable":true,"href":"https:\/\/ampnord.eu\/en\/wp-json\/wp\/v2\/comments?post=417"}],"version-history":[{"count":31,"href":"https:\/\/ampnord.eu\/en\/wp-json\/wp\/v2\/pages\/417\/revisions"}],"predecessor-version":[{"id":875,"href":"https:\/\/ampnord.eu\/en\/wp-json\/wp\/v2\/pages\/417\/revisions\/875"}],"wp:attachment":[{"href":"https:\/\/ampnord.eu\/en\/wp-json\/wp\/v2\/media?parent=417"}],"curies":[{"name":"wp","href":"https:\/\/api.w.org\/{rel}","templated":true}]}}