{"id":357,"date":"2025-09-09T10:53:16","date_gmt":"2025-09-09T10:53:16","guid":{"rendered":"https:\/\/ampnord.eu\/?page_id=357"},"modified":"2025-11-20T11:31:21","modified_gmt":"2025-11-20T11:31:21","slug":"about-us","status":"publish","type":"page","link":"https:\/\/ampnord.eu\/en\/about-us\/","title":{"rendered":"About us"},"content":{"rendered":"<div data-elementor-type=\"wp-page\" data-elementor-id=\"357\" class=\"elementor elementor-357\" data-elementor-post-type=\"page\">\n\t\t\t\t<div class=\"elementor-element elementor-element-5e1be60 e-flex e-con-boxed e-con e-parent\" data-id=\"5e1be60\" data-element_type=\"container\">\n\t\t\t\t\t<div class=\"e-con-inner\">\n\t\t<div class=\"elementor-element elementor-element-fb842b1 e-con-full e-flex e-con e-child\" data-id=\"fb842b1\" data-element_type=\"container\">\n\t\t\t\t<div class=\"elementor-element elementor-element-a54799f elementor-widget elementor-widget-heading\" data-id=\"a54799f\" data-element_type=\"widget\" data-widget_type=\"heading.default\">\n\t\t\t\t\t<h2 class=\"elementor-heading-title elementor-size-default\">About us<\/h2>\t\t\t\t<\/div>\n\t\t\t\t<div class=\"elementor-element elementor-element-578fa5a elementor-widget elementor-widget-heading\" data-id=\"578fa5a\" data-element_type=\"widget\" data-widget_type=\"heading.default\">\n\t\t\t\t\t<h2 class=\"elementor-heading-title elementor-size-default\">Company history<\/h2>\t\t\t\t<\/div>\n\t\t\t\t<div class=\"elementor-element elementor-element-46d7bb3 elementor-widget elementor-widget-text-editor\" data-id=\"46d7bb3\" data-element_type=\"widget\" data-widget_type=\"text-editor.default\">\n\t\t\t\t\t\t\t\t\t<p>AMP NORD was founded on a solid foundation of many years of experience in the industry, which goes back well beyond its formal year of establishment, building its reputation through participation in numerous international engineering projects.<\/p><p>Our roots lie in a diverse range of industrial sectors - from refinery and general mechanical work to specialised offshore projects, which has allowed us to accumulate unique expertise in the construction and repair of vessels.<\/p>\t\t\t\t\t\t\t\t<\/div>\n\t\t\t\t<\/div>\n\t\t\t\t<div class=\"elementor-element elementor-element-da85579 elementor-absolute elementor-hidden-mobile elementor-widget elementor-widget-image\" data-id=\"da85579\" data-element_type=\"widget\" data-settings=\"{&quot;_position&quot;:&quot;absolute&quot;}\" data-widget_type=\"image.default\">\n\t\t\t\t\t\t\t\t\t\t\t\t\t\t\t<img fetchpriority=\"high\" decoding=\"async\" width=\"632\" height=\"1024\" src=\"https:\/\/ampnord.eu\/wp-content\/uploads\/2025\/09\/mapa.svg\" class=\"attachment-large size-large wp-image-361\" alt=\"\" \/>\t\t\t\t\t\t\t\t\t\t\t\t\t\t\t<\/div>\n\t\t<div class=\"elementor-element elementor-element-f48a626 e-con-full elementor-hidden-desktop elementor-hidden-laptop e-flex e-con e-child\" data-id=\"f48a626\" data-element_type=\"container\">\n\t\t\t\t<div class=\"elementor-element elementor-element-714d36b elementor-widget elementor-widget-image\" data-id=\"714d36b\" data-element_type=\"widget\" data-widget_type=\"image.default\">\n\t\t\t\t\t\t\t\t\t\t\t\t\t\t\t<img fetchpriority=\"high\" decoding=\"async\" width=\"632\" height=\"1024\" src=\"https:\/\/ampnord.eu\/wp-content\/uploads\/2025\/09\/mapa.svg\" class=\"attachment-large size-large wp-image-361\" alt=\"\" \/>\t\t\t\t\t\t\t\t\t\t\t\t\t\t\t<\/div>\n\t\t\t\t<\/div>\n\t\t\t\t\t<\/div>\n\t\t\t\t<\/div>\n\t\t<div class=\"elementor-element elementor-element-6ba135c e-flex e-con-boxed e-con e-parent\" data-id=\"6ba135c\" data-element_type=\"container\" data-settings=\"{&quot;background_background&quot;:&quot;classic&quot;}\">\n\t\t\t\t\t<div class=\"e-con-inner\">\n\t\t\t\t<div class=\"elementor-element elementor-element-4dd02c2 elementor-widget elementor-widget-heading\" data-id=\"4dd02c2\" data-element_type=\"widget\" data-widget_type=\"heading.default\">\n\t\t\t\t\t<h2 class=\"elementor-heading-title elementor-size-default\">Team of experts<\/h2>\t\t\t\t<\/div>\n\t\t<div class=\"elementor-element elementor-element-5866dab e-con-full e-flex e-con e-child\" data-id=\"5866dab\" data-element_type=\"container\">\n\t\t<div class=\"elementor-element elementor-element-3319940 e-con-full e-flex e-con e-child\" data-id=\"3319940\" data-element_type=\"container\">\n\t\t<div class=\"elementor-element elementor-element-160ae6f e-con-full e-flex e-con e-child\" data-id=\"160ae6f\" data-element_type=\"container\">\n\t\t\t\t<div class=\"elementor-element elementor-element-43593f2 elementor-widget elementor-widget-image\" data-id=\"43593f2\" data-element_type=\"widget\" data-widget_type=\"image.default\">\n\t\t\t\t\t\t\t\t\t\t\t\t\t\t\t<img decoding=\"async\" width=\"346\" height=\"415\" src=\"https:\/\/ampnord.eu\/wp-content\/uploads\/2025\/09\/pic-1.jpg\" class=\"attachment-large size-large wp-image-700\" alt=\"\" srcset=\"https:\/\/ampnord.eu\/wp-content\/uploads\/2025\/09\/pic-1.jpg 346w, https:\/\/ampnord.eu\/wp-content\/uploads\/2025\/09\/pic-1-250x300.jpg 250w\" sizes=\"(max-width: 346px) 100vw, 346px\" \/>\t\t\t\t\t\t\t\t\t\t\t\t\t\t\t<\/div>\n\t\t\t\t<\/div>\n\t\t<div class=\"elementor-element elementor-element-60dcca6 e-con-full e-flex e-con e-child\" data-id=\"60dcca6\" data-element_type=\"container\">\n\t\t\t\t<div class=\"elementor-element elementor-element-f1bb7e6 elementor-widget elementor-widget-image\" data-id=\"f1bb7e6\" data-element_type=\"widget\" data-widget_type=\"image.default\">\n\t\t\t\t\t\t\t\t\t\t\t\t\t\t\t<img decoding=\"async\" width=\"346\" height=\"415\" src=\"https:\/\/ampnord.eu\/wp-content\/uploads\/2025\/09\/pic-2.jpg\" class=\"attachment-large size-large wp-image-701\" alt=\"\" srcset=\"https:\/\/ampnord.eu\/wp-content\/uploads\/2025\/09\/pic-2.jpg 346w, https:\/\/ampnord.eu\/wp-content\/uploads\/2025\/09\/pic-2-250x300.jpg 250w\" sizes=\"(max-width: 346px) 100vw, 346px\" \/>\t\t\t\t\t\t\t\t\t\t\t\t\t\t\t<\/div>\n\t\t\t\t<\/div>\n\t\t\t\t<\/div>\n\t\t<div class=\"elementor-element elementor-element-7a515e9 e-con-full e-flex e-con e-child\" data-id=\"7a515e9\" data-element_type=\"container\">\n\t\t\t\t<div class=\"elementor-element elementor-element-213794a elementor-widget elementor-widget-heading\" data-id=\"213794a\" data-element_type=\"widget\" data-widget_type=\"heading.default\">\n\t\t\t\t\t<h2 class=\"elementor-heading-title elementor-size-default\">Partners in your<br> the latest project\n<\/h2>\t\t\t\t<\/div>\n\t\t\t\t<div class=\"elementor-element elementor-element-92b076c elementor-widget elementor-widget-text-editor\" data-id=\"92b076c\" data-element_type=\"widget\" data-widget_type=\"text-editor.default\">\n\t\t\t\t\t\t\t\t\t<p>AMP NORD has a skilled workforce consisting of both experienced employees and young engineers. Combining the potential of both groups allows us to achieve high quality while maintaining efficiency and short lead times.<\/p><p>Over the years, we have consistently built up a team of experts, combining the experience of industry veterans with the dynamism and modern approaches of young engineers, which has become the key to our success in delivering highly complex projects.<\/p>\t\t\t\t\t\t\t\t<\/div>\n\t\t\t\t<\/div>\n\t\t\t\t<\/div>\n\t\t\t\t\t<\/div>\n\t\t\t\t<\/div>\n\t\t<div class=\"elementor-element elementor-element-a4b7422 e-flex e-con-boxed e-con e-parent\" data-id=\"a4b7422\" data-element_type=\"container\" data-settings=\"{&quot;background_background&quot;:&quot;classic&quot;}\">\n\t\t\t\t\t<div class=\"e-con-inner\">\n\t\t\t\t<div class=\"elementor-element elementor-element-692508b elementor-widget elementor-widget-heading\" data-id=\"692508b\" data-element_type=\"widget\" data-widget_type=\"heading.default\">\n\t\t\t\t\t<h2 class=\"elementor-heading-title elementor-size-default\">Organisation<\/h2>\t\t\t\t<\/div>\n\t\t\t\t<div class=\"elementor-element elementor-element-b55e356 elementor-widget elementor-widget-heading\" data-id=\"b55e356\" data-element_type=\"widget\" data-widget_type=\"heading.default\">\n\t\t\t\t\t<h2 class=\"elementor-heading-title elementor-size-default\">Company history<\/h2>\t\t\t\t<\/div>\n\t\t\t\t<div class=\"elementor-element elementor-element-ae8aa37 elementor-widget elementor-widget-image\" data-id=\"ae8aa37\" data-element_type=\"widget\" data-widget_type=\"image.default\">\n\t\t\t\t\t\t\t\t\t\t\t\t\t\t\t<img loading=\"lazy\" decoding=\"async\" width=\"800\" height=\"800\" src=\"https:\/\/ampnord.eu\/wp-content\/uploads\/2025\/09\/struktura-organizacyjna-1.svg\" class=\"attachment-large size-large wp-image-706\" alt=\"\" \/>\t\t\t\t\t\t\t\t\t\t\t\t\t\t\t<\/div>\n\t\t\t\t\t<\/div>\n\t\t\t\t<\/div>\n\t\t<div class=\"elementor-element elementor-element-923855b e-flex e-con-boxed e-con e-parent\" data-id=\"923855b\" data-element_type=\"container\" data-settings=\"{&quot;background_background&quot;:&quot;classic&quot;}\">\n\t\t\t\t\t<div class=\"e-con-inner\">\n\t\t<div class=\"elementor-element elementor-element-570f6bc e-con-full e-flex e-con e-child\" data-id=\"570f6bc\" data-element_type=\"container\">\n\t\t\t\t<div class=\"elementor-element elementor-element-8d94767 elementor-widget elementor-widget-heading\" data-id=\"8d94767\" data-element_type=\"widget\" data-widget_type=\"heading.default\">\n\t\t\t\t\t<h2 class=\"elementor-heading-title elementor-size-default\">Organisation<\/h2>\t\t\t\t<\/div>\n\t\t\t\t<div class=\"elementor-element elementor-element-7e230b6 elementor-widget elementor-widget-heading\" data-id=\"7e230b6\" data-element_type=\"widget\" data-widget_type=\"heading.default\">\n\t\t\t\t\t<h2 class=\"elementor-heading-title elementor-size-default\">Mission and values<\/h2>\t\t\t\t<\/div>\n\t\t\t\t<div class=\"elementor-element elementor-element-a5fb333 elementor-widget elementor-widget-text-editor\" data-id=\"a5fb333\" data-element_type=\"widget\" data-widget_type=\"text-editor.default\">\n\t\t\t\t\t\t\t\t\t<p>Every project we are involved in is perfectly planned from the outset. We work for our good name. We are consistent, proven and act in accordance with our values.<\/p><p>We are born engineers.<\/p><p>When we undertake a project, we commit every possible resource to it.<\/p>\t\t\t\t\t\t\t\t<\/div>\n\t\t\t\t<\/div>\n\t\t<div class=\"elementor-element elementor-element-177aada e-con-full e-flex e-con e-child\" data-id=\"177aada\" data-element_type=\"container\">\n\t\t<div class=\"elementor-element elementor-element-4de3b27 e-con-full e-flex elementor-invisible e-con e-child\" data-id=\"4de3b27\" data-element_type=\"container\" data-settings=\"{&quot;animation&quot;:&quot;fadeInUp&quot;,&quot;animation_delay&quot;:150}\">\n\t\t\t\t<div class=\"elementor-element elementor-element-195d75d elementor-widget__width-auto misja_liczby elementor-widget elementor-widget-heading\" data-id=\"195d75d\" data-element_type=\"widget\" data-widget_type=\"heading.default\">\n\t\t\t\t\t<h2 class=\"elementor-heading-title elementor-size-default\">01<\/h2>\t\t\t\t<\/div>\n\t\t\t\t<div class=\"elementor-element elementor-element-002f470 elementor-widget elementor-widget-heading\" data-id=\"002f470\" data-element_type=\"widget\" data-widget_type=\"heading.default\">\n\t\t\t\t\t<h2 class=\"elementor-heading-title elementor-size-default\">Comprehensive\nsolutions, one\npartner<\/h2>\t\t\t\t<\/div>\n\t\t\t\t<\/div>\n\t\t<div class=\"elementor-element elementor-element-4601ed8 e-con-full e-flex elementor-invisible e-con e-child\" data-id=\"4601ed8\" data-element_type=\"container\" data-settings=\"{&quot;animation&quot;:&quot;fadeInUp&quot;}\">\n\t\t\t\t<div class=\"elementor-element elementor-element-233fca5 elementor-widget__width-auto elementor-widget elementor-widget-heading\" data-id=\"233fca5\" data-element_type=\"widget\" data-widget_type=\"heading.default\">\n\t\t\t\t\t<h2 class=\"elementor-heading-title elementor-size-default\">02<\/h2>\t\t\t\t<\/div>\n\t\t\t\t<div class=\"elementor-element elementor-element-ee451f1 elementor-widget elementor-widget-heading\" data-id=\"ee451f1\" data-element_type=\"widget\" data-widget_type=\"heading.default\">\n\t\t\t\t\t<h2 class=\"elementor-heading-title elementor-size-default\">Experience\non maritime\nwaters<\/h2>\t\t\t\t<\/div>\n\t\t\t\t<\/div>\n\t\t<div class=\"elementor-element elementor-element-b535b85 e-con-full e-flex elementor-invisible e-con e-child\" data-id=\"b535b85\" data-element_type=\"container\" data-settings=\"{&quot;animation&quot;:&quot;fadeInUp&quot;,&quot;animation_delay&quot;:100}\">\n\t\t\t\t<div class=\"elementor-element elementor-element-5e20333 elementor-widget__width-auto elementor-widget elementor-widget-heading\" data-id=\"5e20333\" data-element_type=\"widget\" data-widget_type=\"heading.default\">\n\t\t\t\t\t<h2 class=\"elementor-heading-title elementor-size-default\">03<\/h2>\t\t\t\t<\/div>\n\t\t\t\t<div class=\"elementor-element elementor-element-c41ac65 elementor-widget elementor-widget-heading\" data-id=\"c41ac65\" data-element_type=\"widget\" data-widget_type=\"heading.default\">\n\t\t\t\t\t<h2 class=\"elementor-heading-title elementor-size-default\">Quality\ntested\nin practice<\/h2>\t\t\t\t<\/div>\n\t\t\t\t<\/div>\n\t\t<div class=\"elementor-element elementor-element-0916853 e-con-full e-flex elementor-invisible e-con e-child\" data-id=\"0916853\" data-element_type=\"container\" data-settings=\"{&quot;animation&quot;:&quot;fadeInUp&quot;,&quot;animation_delay&quot;:300}\">\n\t\t\t\t<div class=\"elementor-element elementor-element-240b1ef elementor-widget__width-auto elementor-widget elementor-widget-heading\" data-id=\"240b1ef\" data-element_type=\"widget\" data-widget_type=\"heading.default\">\n\t\t\t\t\t<h2 class=\"elementor-heading-title elementor-size-default\">04<\/h2>\t\t\t\t<\/div>\n\t\t\t\t<div class=\"elementor-element elementor-element-8083415 elementor-widget elementor-widget-heading\" data-id=\"8083415\" data-element_type=\"widget\" data-widget_type=\"heading.default\">\n\t\t\t\t\t<h2 class=\"elementor-heading-title elementor-size-default\">International\nstandards, local\nsupport\n\n<\/h2>\t\t\t\t<\/div>\n\t\t\t\t<\/div>\n\t\t\t\t<\/div>\n\t\t\t\t\t<\/div>\n\t\t\t\t<\/div>\n\t\t\t\t<\/div>","protected":false},"excerpt":{"rendered":"<p>O nas Historia firmy Firma AMP NORD zosta\u0142a za\u0142o\u017cona na solidnych fundamentach wieloletniego do\u015bwiadczenia w bran\u017cy, kt\u00f3re si\u0119ga znacznie dalej ni\u017c formalny rok jej powstania, buduj\u0105c swoj\u0105 reputacj\u0119 poprzez udzia\u0142 w licznych mi\u0119dzynarodowych projektach in\u017cynieryjnych. Nasze korzenie tkwi\u0105 w r\u00f3\u017cnorodnych sektorach przemys\u0142owych &#8211; od prac rafineryjnych i og\u00f3lnomechanicznych po specjalistyczne projekty offshore, co pozwoli\u0142o nam [&hellip;]<\/p>","protected":false},"author":1,"featured_media":0,"parent":0,"menu_order":0,"comment_status":"closed","ping_status":"closed","template":"","meta":{"_acf_changed":false,"inline_featured_image":false,"footnotes":""},"class_list":["post-357","page","type-page","status-publish","hentry"],"acf":[],"yoast_head":"<!-- This site is optimized with the Yoast SEO plugin v26.0 - https:\/\/yoast.com\/wordpress\/plugins\/seo\/ -->\n<title>O nas - AMP NORD<\/title>\n<meta name=\"robots\" content=\"noindex, follow, max-snippet:-1, max-image-preview:large, max-video-preview:-1\" \/>\n<meta property=\"og:locale\" content=\"en_GB\" \/>\n<meta property=\"og:type\" content=\"article\" \/>\n<meta property=\"og:title\" content=\"O nas - AMP NORD\" \/>\n<meta property=\"og:description\" content=\"O nas Historia firmy Firma AMP NORD zosta\u0142a za\u0142o\u017cona na solidnych fundamentach wieloletniego do\u015bwiadczenia w bran\u017cy, kt\u00f3re si\u0119ga znacznie dalej ni\u017c formalny rok jej powstania, buduj\u0105c swoj\u0105 reputacj\u0119 poprzez udzia\u0142 w licznych mi\u0119dzynarodowych projektach in\u017cynieryjnych. Nasze korzenie tkwi\u0105 w r\u00f3\u017cnorodnych sektorach przemys\u0142owych &#8211; od prac rafineryjnych i og\u00f3lnomechanicznych po specjalistyczne projekty offshore, co pozwoli\u0142o nam [&hellip;]\" \/>\n<meta property=\"og:url\" content=\"https:\/\/ampnord.eu\/en\/about-us\/\" \/>\n<meta property=\"og:site_name\" content=\"AMP NORD\" \/>\n<meta property=\"article:modified_time\" content=\"2025-11-20T11:31:21+00:00\" \/>\n<meta name=\"twitter:card\" content=\"summary_large_image\" \/>\n<meta name=\"twitter:label1\" content=\"Estimated reading time\" \/>\n\t<meta name=\"twitter:data1\" content=\"2 minutes\" \/>\n<script type=\"application\/ld+json\" class=\"yoast-schema-graph\">{\"@context\":\"https:\/\/schema.org\",\"@graph\":[{\"@type\":\"WebPage\",\"@id\":\"https:\/\/ampnord.eu\/o-nas\/\",\"url\":\"https:\/\/ampnord.eu\/o-nas\/\",\"name\":\"O nas - AMP NORD\",\"isPartOf\":{\"@id\":\"https:\/\/ampnord.eu\/#website\"},\"primaryImageOfPage\":{\"@id\":\"https:\/\/ampnord.eu\/o-nas\/#primaryimage\"},\"image\":{\"@id\":\"https:\/\/ampnord.eu\/o-nas\/#primaryimage\"},\"thumbnailUrl\":\"https:\/\/ampnord.eu\/wp-content\/uploads\/2025\/09\/mapa.svg\",\"datePublished\":\"2025-09-09T10:53:16+00:00\",\"dateModified\":\"2025-11-20T11:31:21+00:00\",\"breadcrumb\":{\"@id\":\"https:\/\/ampnord.eu\/o-nas\/#breadcrumb\"},\"inLanguage\":\"en-GB\",\"potentialAction\":[{\"@type\":\"ReadAction\",\"target\":[\"https:\/\/ampnord.eu\/o-nas\/\"]}]},{\"@type\":\"ImageObject\",\"inLanguage\":\"en-GB\",\"@id\":\"https:\/\/ampnord.eu\/o-nas\/#primaryimage\",\"url\":\"https:\/\/ampnord.eu\/wp-content\/uploads\/2025\/09\/mapa.svg\",\"contentUrl\":\"https:\/\/ampnord.eu\/wp-content\/uploads\/2025\/09\/mapa.svg\"},{\"@type\":\"BreadcrumbList\",\"@id\":\"https:\/\/ampnord.eu\/o-nas\/#breadcrumb\",\"itemListElement\":[{\"@type\":\"ListItem\",\"position\":1,\"name\":\"Strona g\u0142\u00f3wna\",\"item\":\"https:\/\/ampnord.eu\/\"},{\"@type\":\"ListItem\",\"position\":2,\"name\":\"O nas\"}]},{\"@type\":\"WebSite\",\"@id\":\"https:\/\/ampnord.eu\/#website\",\"url\":\"https:\/\/ampnord.eu\/\",\"name\":\"AMP NORD\",\"description\":\"Instalacje przemys\u0142owe i konstrukcje stalowe\",\"publisher\":{\"@id\":\"https:\/\/ampnord.eu\/#organization\"},\"potentialAction\":[{\"@type\":\"SearchAction\",\"target\":{\"@type\":\"EntryPoint\",\"urlTemplate\":\"https:\/\/ampnord.eu\/?s={search_term_string}\"},\"query-input\":{\"@type\":\"PropertyValueSpecification\",\"valueRequired\":true,\"valueName\":\"search_term_string\"}}],\"inLanguage\":\"en-GB\"},{\"@type\":\"Organization\",\"@id\":\"https:\/\/ampnord.eu\/#organization\",\"name\":\"AMP NORD\",\"url\":\"https:\/\/ampnord.eu\/\",\"logo\":{\"@type\":\"ImageObject\",\"inLanguage\":\"en-GB\",\"@id\":\"https:\/\/ampnord.eu\/#\/schema\/logo\/image\/\",\"url\":\"https:\/\/ampnord.eu\/wp-content\/uploads\/2025\/09\/logo-AMPNord.svg\",\"contentUrl\":\"https:\/\/ampnord.eu\/wp-content\/uploads\/2025\/09\/logo-AMPNord.svg\",\"width\":171,\"height\":109,\"caption\":\"AMP NORD\"},\"image\":{\"@id\":\"https:\/\/ampnord.eu\/#\/schema\/logo\/image\/\"}}]}<\/script>\n<!-- \/ Yoast SEO plugin. -->","yoast_head_json":{"title":"About us - AMP NORD","robots":{"index":"noindex","follow":"follow","max-snippet":"max-snippet:-1","max-image-preview":"max-image-preview:large","max-video-preview":"max-video-preview:-1"},"og_locale":"en_GB","og_type":"article","og_title":"O nas - AMP NORD","og_description":"O nas Historia firmy Firma AMP NORD zosta\u0142a za\u0142o\u017cona na solidnych fundamentach wieloletniego do\u015bwiadczenia w bran\u017cy, kt\u00f3re si\u0119ga znacznie dalej ni\u017c formalny rok jej powstania, buduj\u0105c swoj\u0105 reputacj\u0119 poprzez udzia\u0142 w licznych mi\u0119dzynarodowych projektach in\u017cynieryjnych. Nasze korzenie tkwi\u0105 w r\u00f3\u017cnorodnych sektorach przemys\u0142owych &#8211; od prac rafineryjnych i og\u00f3lnomechanicznych po specjalistyczne projekty offshore, co pozwoli\u0142o nam [&hellip;]","og_url":"https:\/\/ampnord.eu\/en\/about-us\/","og_site_name":"AMP NORD","article_modified_time":"2025-11-20T11:31:21+00:00","twitter_card":"summary_large_image","twitter_misc":{"Estimated reading time":"2 minutes"},"schema":{"@context":"https:\/\/schema.org","@graph":[{"@type":"WebPage","@id":"https:\/\/ampnord.eu\/o-nas\/","url":"https:\/\/ampnord.eu\/o-nas\/","name":"About us - AMP NORD","isPartOf":{"@id":"https:\/\/ampnord.eu\/#website"},"primaryImageOfPage":{"@id":"https:\/\/ampnord.eu\/o-nas\/#primaryimage"},"image":{"@id":"https:\/\/ampnord.eu\/o-nas\/#primaryimage"},"thumbnailUrl":"https:\/\/ampnord.eu\/wp-content\/uploads\/2025\/09\/mapa.svg","datePublished":"2025-09-09T10:53:16+00:00","dateModified":"2025-11-20T11:31:21+00:00","breadcrumb":{"@id":"https:\/\/ampnord.eu\/o-nas\/#breadcrumb"},"inLanguage":"en-GB","potentialAction":[{"@type":"ReadAction","target":["https:\/\/ampnord.eu\/o-nas\/"]}]},{"@type":"ImageObject","inLanguage":"en-GB","@id":"https:\/\/ampnord.eu\/o-nas\/#primaryimage","url":"https:\/\/ampnord.eu\/wp-content\/uploads\/2025\/09\/mapa.svg","contentUrl":"https:\/\/ampnord.eu\/wp-content\/uploads\/2025\/09\/mapa.svg"},{"@type":"BreadcrumbList","@id":"https:\/\/ampnord.eu\/o-nas\/#breadcrumb","itemListElement":[{"@type":"ListItem","position":1,"name":"Strona g\u0142\u00f3wna","item":"https:\/\/ampnord.eu\/"},{"@type":"ListItem","position":2,"name":"O nas"}]},{"@type":"WebSite","@id":"https:\/\/ampnord.eu\/#website","url":"https:\/\/ampnord.eu\/","name":"AMP NORD","description":"Instalacje przemys\u0142owe i konstrukcje stalowe","publisher":{"@id":"https:\/\/ampnord.eu\/#organization"},"potentialAction":[{"@type":"SearchAction","target":{"@type":"EntryPoint","urlTemplate":"https:\/\/ampnord.eu\/?s={search_term_string}"},"query-input":{"@type":"PropertyValueSpecification","valueRequired":true,"valueName":"search_term_string"}}],"inLanguage":"en-GB"},{"@type":"Organization","@id":"https:\/\/ampnord.eu\/#organization","name":"AMP NORD","url":"https:\/\/ampnord.eu\/","logo":{"@type":"ImageObject","inLanguage":"en-GB","@id":"https:\/\/ampnord.eu\/#\/schema\/logo\/image\/","url":"https:\/\/ampnord.eu\/wp-content\/uploads\/2025\/09\/logo-AMPNord.svg","contentUrl":"https:\/\/ampnord.eu\/wp-content\/uploads\/2025\/09\/logo-AMPNord.svg","width":171,"height":109,"caption":"AMP NORD"},"image":{"@id":"https:\/\/ampnord.eu\/#\/schema\/logo\/image\/"}}]}},"_links":{"self":[{"href":"https:\/\/ampnord.eu\/en\/wp-json\/wp\/v2\/pages\/357","targetHints":{"allow":["GET"]}}],"collection":[{"href":"https:\/\/ampnord.eu\/en\/wp-json\/wp\/v2\/pages"}],"about":[{"href":"https:\/\/ampnord.eu\/en\/wp-json\/wp\/v2\/types\/page"}],"author":[{"embeddable":true,"href":"https:\/\/ampnord.eu\/en\/wp-json\/wp\/v2\/users\/1"}],"replies":[{"embeddable":true,"href":"https:\/\/ampnord.eu\/en\/wp-json\/wp\/v2\/comments?post=357"}],"version-history":[{"count":49,"href":"https:\/\/ampnord.eu\/en\/wp-json\/wp\/v2\/pages\/357\/revisions"}],"predecessor-version":[{"id":903,"href":"https:\/\/ampnord.eu\/en\/wp-json\/wp\/v2\/pages\/357\/revisions\/903"}],"wp:attachment":[{"href":"https:\/\/ampnord.eu\/en\/wp-json\/wp\/v2\/media?parent=357"}],"curies":[{"name":"wp","href":"https:\/\/api.w.org\/{rel}","templated":true}]}}